{"id":164,"date":"2020-09-26T13:08:39","date_gmt":"2020-09-26T11:08:39","guid":{"rendered":"http:\/\/schaller-werbeagentur.de\/svkniebis\/?page_id=164"},"modified":"2021-02-11T11:41:05","modified_gmt":"2021-02-11T10:41:05","slug":"uebungs-und-trainingszeiten","status":"publish","type":"page","link":"https:\/\/schaller-werbeagentur.de\/svkniebis\/verein\/uebungs-und-trainingszeiten\/","title":{"rendered":"\u00dcbungs- und Trainingszeiten"},"content":{"rendered":"\n<h3 class=\"wp-block-heading\">Montag<\/h3>\n\n\n\n<p>17:00 bis 18:00 <strong>Seniorengymnastik<\/strong> bei Katharina H\u00e4nel<br>18:00 bis 19:00 <strong>MTB-Training<\/strong> bei Florian Schaller<br>18:00 bis 19:30 <strong>Volleyball<\/strong> bei Katja Lewandowsky-Sturm (David-Fahrner-Halle FDS)<br>18:15 &#8211; 19:15 <strong>Fitmix f\u00fcr alle<\/strong> bei Eva Geiser<\/p>\n\n\n\n<h3 class=\"wp-block-heading\">Dienstag<\/h3>\n\n\n\n<p>17:30 bis 18:30 <strong>Fussballtraining<\/strong> bei Florian Schaller<br>19:00 bis 20:00 <strong>Schie\u00dftraining Jugend<\/strong> bei Thomas Engelfried<\/p>\n\n\n\n<h3 class=\"wp-block-heading\">Mittwoch<\/h3>\n\n\n\n<p>17:30 bis 19:00<strong> Inliner\/Langlauftraining<\/strong> bei Iris Schmieder &amp; Bj\u00f6rn Waidelich<br>19:00 bis 21:00 <strong>Schie\u00dftraining Erwachsene<\/strong> bei J\u00fcrgen Rapp<\/p>\n\n\n\n<h3 class=\"wp-block-heading\">Donnerstag<\/h3>\n\n\n\n<p>16:30 bis 18:00 <strong>Inliner\/Langlauftraining<\/strong> bei Iris Schmieder &amp; Bj\u00f6rn Waidelich<br>19:00 bis 20:00 <strong>Fitmix<\/strong> bei Martina Schmid<\/p>\n\n\n\n<h3 class=\"wp-block-heading\">Freitag<\/h3>\n\n\n\n<p>20:00 bis 22:00 <strong>Volleyball<\/strong> bei Margot Stockinger<\/p>\n\n\n\n<figure class=\"wp-block-gallery columns-6 is-cropped wp-block-gallery-1 is-layout-flex wp-block-gallery-is-layout-flex\"><ul class=\"blocks-gallery-grid\"><li class=\"blocks-gallery-item\"><figure><a href=\"http:\/\/schaller-werbeagentur.de\/svkniebis\/wp-content\/uploads\/2020\/09\/kniebis-radfahren-1.jpg\"><img loading=\"lazy\" decoding=\"async\" width=\"1000\" height=\"707\" src=\"http:\/\/schaller-werbeagentur.de\/svkniebis\/wp-content\/uploads\/2020\/09\/kniebis-radfahren-1.jpg\" alt=\"\" data-id=\"186\" data-full-url=\"http:\/\/schaller-werbeagentur.de\/svkniebis\/wp-content\/uploads\/2020\/09\/kniebis-radfahren-1.jpg\" data-link=\"http:\/\/schaller-werbeagentur.de\/svkniebis\/verein\/uebungs-und-trainingszeiten\/kniebis-radfahren-1\/\" class=\"wp-image-186\" srcset=\"https:\/\/schaller-werbeagentur.de\/svkniebis\/wp-content\/uploads\/2020\/09\/kniebis-radfahren-1.jpg 1000w, https:\/\/schaller-werbeagentur.de\/svkniebis\/wp-content\/uploads\/2020\/09\/kniebis-radfahren-1-300x212.jpg 300w, https:\/\/schaller-werbeagentur.de\/svkniebis\/wp-content\/uploads\/2020\/09\/kniebis-radfahren-1-768x543.jpg 768w\" sizes=\"auto, (max-width: 1000px) 100vw, 1000px\" \/><\/a><\/figure><\/li><li class=\"blocks-gallery-item\"><figure><a href=\"http:\/\/schaller-werbeagentur.de\/svkniebis\/wp-content\/uploads\/2020\/09\/kniebis-fussball-1.jpg\"><img loading=\"lazy\" decoding=\"async\" width=\"1000\" height=\"707\" src=\"http:\/\/schaller-werbeagentur.de\/svkniebis\/wp-content\/uploads\/2020\/09\/kniebis-fussball-1.jpg\" alt=\"\" data-id=\"187\" data-full-url=\"http:\/\/schaller-werbeagentur.de\/svkniebis\/wp-content\/uploads\/2020\/09\/kniebis-fussball-1.jpg\" data-link=\"http:\/\/schaller-werbeagentur.de\/svkniebis\/verein\/uebungs-und-trainingszeiten\/kniebis-fussball-1\/\" class=\"wp-image-187\" srcset=\"https:\/\/schaller-werbeagentur.de\/svkniebis\/wp-content\/uploads\/2020\/09\/kniebis-fussball-1.jpg 1000w, https:\/\/schaller-werbeagentur.de\/svkniebis\/wp-content\/uploads\/2020\/09\/kniebis-fussball-1-300x212.jpg 300w, https:\/\/schaller-werbeagentur.de\/svkniebis\/wp-content\/uploads\/2020\/09\/kniebis-fussball-1-768x543.jpg 768w\" sizes=\"auto, (max-width: 1000px) 100vw, 1000px\" \/><\/a><\/figure><\/li><li class=\"blocks-gallery-item\"><figure><a href=\"http:\/\/schaller-werbeagentur.de\/svkniebis\/wp-content\/uploads\/2020\/09\/kniebis-schuetzen-1.jpg\"><img loading=\"lazy\" decoding=\"async\" width=\"1000\" height=\"707\" src=\"http:\/\/schaller-werbeagentur.de\/svkniebis\/wp-content\/uploads\/2020\/09\/kniebis-schuetzen-1.jpg\" alt=\"\" data-id=\"188\" data-full-url=\"http:\/\/schaller-werbeagentur.de\/svkniebis\/wp-content\/uploads\/2020\/09\/kniebis-schuetzen-1.jpg\" data-link=\"http:\/\/schaller-werbeagentur.de\/svkniebis\/verein\/uebungs-und-trainingszeiten\/kniebis-schuetzen-1\/\" class=\"wp-image-188\" srcset=\"https:\/\/schaller-werbeagentur.de\/svkniebis\/wp-content\/uploads\/2020\/09\/kniebis-schuetzen-1.jpg 1000w, https:\/\/schaller-werbeagentur.de\/svkniebis\/wp-content\/uploads\/2020\/09\/kniebis-schuetzen-1-300x212.jpg 300w, https:\/\/schaller-werbeagentur.de\/svkniebis\/wp-content\/uploads\/2020\/09\/kniebis-schuetzen-1-768x543.jpg 768w\" sizes=\"auto, (max-width: 1000px) 100vw, 1000px\" \/><\/a><\/figure><\/li><li class=\"blocks-gallery-item\"><figure><a href=\"http:\/\/schaller-werbeagentur.de\/svkniebis\/wp-content\/uploads\/2020\/09\/kniebis-langlauf-1.jpg\"><img loading=\"lazy\" decoding=\"async\" width=\"1000\" height=\"707\" src=\"http:\/\/schaller-werbeagentur.de\/svkniebis\/wp-content\/uploads\/2020\/09\/kniebis-langlauf-1.jpg\" alt=\"\" data-id=\"189\" data-full-url=\"http:\/\/schaller-werbeagentur.de\/svkniebis\/wp-content\/uploads\/2020\/09\/kniebis-langlauf-1.jpg\" data-link=\"http:\/\/schaller-werbeagentur.de\/svkniebis\/verein\/uebungs-und-trainingszeiten\/kniebis-langlauf-1\/\" class=\"wp-image-189\" srcset=\"https:\/\/schaller-werbeagentur.de\/svkniebis\/wp-content\/uploads\/2020\/09\/kniebis-langlauf-1.jpg 1000w, https:\/\/schaller-werbeagentur.de\/svkniebis\/wp-content\/uploads\/2020\/09\/kniebis-langlauf-1-300x212.jpg 300w, https:\/\/schaller-werbeagentur.de\/svkniebis\/wp-content\/uploads\/2020\/09\/kniebis-langlauf-1-768x543.jpg 768w\" sizes=\"auto, (max-width: 1000px) 100vw, 1000px\" \/><\/a><\/figure><\/li><li class=\"blocks-gallery-item\"><figure><a href=\"http:\/\/schaller-werbeagentur.de\/svkniebis\/wp-content\/uploads\/2020\/09\/kniebis-volleyball-1.jpg\"><img loading=\"lazy\" decoding=\"async\" width=\"1000\" height=\"707\" src=\"http:\/\/schaller-werbeagentur.de\/svkniebis\/wp-content\/uploads\/2020\/09\/kniebis-volleyball-1.jpg\" alt=\"\" data-id=\"190\" data-full-url=\"http:\/\/schaller-werbeagentur.de\/svkniebis\/wp-content\/uploads\/2020\/09\/kniebis-volleyball-1.jpg\" data-link=\"http:\/\/schaller-werbeagentur.de\/svkniebis\/verein\/uebungs-und-trainingszeiten\/kniebis-volleyball-1\/\" class=\"wp-image-190\" srcset=\"https:\/\/schaller-werbeagentur.de\/svkniebis\/wp-content\/uploads\/2020\/09\/kniebis-volleyball-1.jpg 1000w, https:\/\/schaller-werbeagentur.de\/svkniebis\/wp-content\/uploads\/2020\/09\/kniebis-volleyball-1-300x212.jpg 300w, https:\/\/schaller-werbeagentur.de\/svkniebis\/wp-content\/uploads\/2020\/09\/kniebis-volleyball-1-768x543.jpg 768w\" sizes=\"auto, (max-width: 1000px) 100vw, 1000px\" \/><\/a><\/figure><\/li><li class=\"blocks-gallery-item\"><figure><a href=\"http:\/\/schaller-werbeagentur.de\/svkniebis\/wp-content\/uploads\/2020\/09\/kniebis-wandern-1.jpg\"><img loading=\"lazy\" decoding=\"async\" width=\"1000\" height=\"707\" src=\"http:\/\/schaller-werbeagentur.de\/svkniebis\/wp-content\/uploads\/2020\/09\/kniebis-wandern-1.jpg\" alt=\"\" data-id=\"191\" data-full-url=\"http:\/\/schaller-werbeagentur.de\/svkniebis\/wp-content\/uploads\/2020\/09\/kniebis-wandern-1.jpg\" data-link=\"http:\/\/schaller-werbeagentur.de\/svkniebis\/verein\/uebungs-und-trainingszeiten\/kniebis-wandern-1\/\" class=\"wp-image-191\" srcset=\"https:\/\/schaller-werbeagentur.de\/svkniebis\/wp-content\/uploads\/2020\/09\/kniebis-wandern-1.jpg 1000w, https:\/\/schaller-werbeagentur.de\/svkniebis\/wp-content\/uploads\/2020\/09\/kniebis-wandern-1-300x212.jpg 300w, https:\/\/schaller-werbeagentur.de\/svkniebis\/wp-content\/uploads\/2020\/09\/kniebis-wandern-1-768x543.jpg 768w\" sizes=\"auto, (max-width: 1000px) 100vw, 1000px\" \/><\/a><\/figure><\/li><li class=\"blocks-gallery-item\"><figure><a href=\"http:\/\/schaller-werbeagentur.de\/svkniebis\/wp-content\/uploads\/2020\/09\/kniebis-turnen-1.jpg\"><img loading=\"lazy\" decoding=\"async\" width=\"1000\" height=\"707\" src=\"http:\/\/schaller-werbeagentur.de\/svkniebis\/wp-content\/uploads\/2020\/09\/kniebis-turnen-1.jpg\" alt=\"\" data-id=\"192\" data-full-url=\"http:\/\/schaller-werbeagentur.de\/svkniebis\/wp-content\/uploads\/2020\/09\/kniebis-turnen-1.jpg\" data-link=\"http:\/\/schaller-werbeagentur.de\/svkniebis\/verein\/uebungs-und-trainingszeiten\/kniebis-turnen-1\/\" class=\"wp-image-192\" srcset=\"https:\/\/schaller-werbeagentur.de\/svkniebis\/wp-content\/uploads\/2020\/09\/kniebis-turnen-1.jpg 1000w, https:\/\/schaller-werbeagentur.de\/svkniebis\/wp-content\/uploads\/2020\/09\/kniebis-turnen-1-300x212.jpg 300w, https:\/\/schaller-werbeagentur.de\/svkniebis\/wp-content\/uploads\/2020\/09\/kniebis-turnen-1-768x543.jpg 768w\" sizes=\"auto, (max-width: 1000px) 100vw, 1000px\" \/><\/a><\/figure><\/li><\/ul><\/figure>\n","protected":false},"excerpt":{"rendered":"<p>Unsere \u00dcbungsstunden finden verteilt \u00fcber die ganze Woche an verschiedenen Orten statt: Skistadion, Kniebishalle, Vereinsheim und Stadionhalle Freudenstadt &#8211; teilweise abh\u00e4ngig vom jeweiligen Wetter. F\u00fcr jede Veranstaltung gibt es die entsprechenden Whatsapp-Gruppen. Dazu bitte die \u00dcbungsleiter anfragen<\/p>\n","protected":false},"author":1,"featured_media":170,"parent":83,"menu_order":3,"comment_status":"closed","ping_status":"closed","template":"","meta":{"footnotes":""},"categories":[],"tags":[],"class_list":["post-164","page","type-page","status-publish","has-post-thumbnail","hentry"],"_links":{"self":[{"href":"https:\/\/schaller-werbeagentur.de\/svkniebis\/wp-json\/wp\/v2\/pages\/164","targetHints":{"allow":["GET"]}}],"collection":[{"href":"https:\/\/schaller-werbeagentur.de\/svkniebis\/wp-json\/wp\/v2\/pages"}],"about":[{"href":"https:\/\/schaller-werbeagentur.de\/svkniebis\/wp-json\/wp\/v2\/types\/page"}],"author":[{"embeddable":true,"href":"https:\/\/schaller-werbeagentur.de\/svkniebis\/wp-json\/wp\/v2\/users\/1"}],"replies":[{"embeddable":true,"href":"https:\/\/schaller-werbeagentur.de\/svkniebis\/wp-json\/wp\/v2\/comments?post=164"}],"version-history":[{"count":11,"href":"https:\/\/schaller-werbeagentur.de\/svkniebis\/wp-json\/wp\/v2\/pages\/164\/revisions"}],"predecessor-version":[{"id":629,"href":"https:\/\/schaller-werbeagentur.de\/svkniebis\/wp-json\/wp\/v2\/pages\/164\/revisions\/629"}],"up":[{"embeddable":true,"href":"https:\/\/schaller-werbeagentur.de\/svkniebis\/wp-json\/wp\/v2\/pages\/83"}],"wp:featuredmedia":[{"embeddable":true,"href":"https:\/\/schaller-werbeagentur.de\/svkniebis\/wp-json\/wp\/v2\/media\/170"}],"wp:attachment":[{"href":"https:\/\/schaller-werbeagentur.de\/svkniebis\/wp-json\/wp\/v2\/media?parent=164"}],"wp:term":[{"taxonomy":"category","embeddable":true,"href":"https:\/\/schaller-werbeagentur.de\/svkniebis\/wp-json\/wp\/v2\/categories?post=164"},{"taxonomy":"post_tag","embeddable":true,"href":"https:\/\/schaller-werbeagentur.de\/svkniebis\/wp-json\/wp\/v2\/tags?post=164"}],"curies":[{"name":"wp","href":"https:\/\/api.w.org\/{rel}","templated":true}]}}