{"id":1993,"date":"2022-01-22T14:24:36","date_gmt":"2022-01-22T13:24:00","guid":{"rendered":"https:\/\/schaller-werbeagentur.de\/svkniebis\/berichte\/test-2\/"},"modified":"2022-01-22T14:56:52","modified_gmt":"2022-01-22T13:56:52","slug":"ergebnisse-vr-talentiade","status":"publish","type":"page","link":"https:\/\/schaller-werbeagentur.de\/svkniebis\/berichte\/ergebnisse-vr-talentiade\/","title":{"rendered":"Ergebnisse VR-Talentiade 2022"},"content":{"rendered":"\n<p>Mit einer f\u00fcr diese Zeiten erfreulichen Teilnehmerzahl kam richtig Wettkampfstimmung auf, die die Teilnehmer des heimischen SV\/SZ Kniebis (manchmal) zu H\u00f6chstleistungen anspornte. <\/p>\n\n\n\n<p>In der Klasse Bambini starteten die beiden j\u00fcngsten Teilnehmerinnen des gesamten Felds Ella Bea und Elisa Schaller f\u00fcr den SV\/SZ und holten sich mit unbarmherzigen Doppelstockeinsatz und ausgebufften Wachstechniken den dritten Platz gegen\u00fcber teilweise 3 Jahre \u00e4lterer Konkurrenz: Bronze f\u00fcr Elisa. <\/p>\n\n\n\n<p>Und das war noch nicht das Highlight bei den Bambinis. Denn Ben Dugersuren startete bei den m\u00e4nnlichen Bambinis famos und verpasste den Sieg nur um wenig Sekunden: Silber f\u00fcr Ben.<\/p>\n\n\n\n<p>Der Wettkampftag h\u00e4tte also hochdekoriert beendet werden k\u00f6nnen, aber in der n\u00e4chsth\u00f6heren Klasse U8 m\u00e4nnlich nahm Daniel Dugersuren seiner Konkurrenz Meter um Meter ab und gewann souver\u00e4n sein Rennen: Gold f\u00fcr Daniel.<\/p>\n\n\n\n<blockquote class=\"wp-block-quote is-layout-flow wp-block-quote-is-layout-flow\"><p>&#8222;Bin mega stolz auf Euch&#8220;<\/p><cite>Kinder-Trainerin Iris Schmieder<\/cite><\/blockquote>\n\n\n\n<p>In der weiblichen U8 schrammte im gr\u00f6\u00dften Feld des Tages Lisa Jekal nur um Haaresbreite am Podest vorbei: Vierter Platz f\u00fcr Lisa.<\/p>\n\n\n\n<p>F\u00fcr den SV\/SZ starteten in der U9 m\u00e4nnlich drei Teilnehmer: Elia, Jona und Luis: Platz 5 f\u00fcr Luis in einem starken Feld.<\/p>\n\n\n\n<p>Die U10 m\u00e4nnlich war auf dem Podium beinahe fest in Kniebiser Hand. Samuel Dugersuren in fabelhafter Zeit schnappte sich Platz eins und zog somit mit seinem j\u00fcngeren Bruder gleich. Felix Jekal k\u00e4mpfte sich auf einen fantastischen dritten Platz und komplettiert wurde das Ergebnis von Finn-Luca Wahlich, der gro\u00dfen Kampfgeist zeigte.<\/p>\n\n\n\n<p>Auch in der weiblichen U10 zeigte Emma G\u00e4\u00dfler in ihrem ersten Wettkampf eine couragierte Leistung die mit Platz 8 belohnt wurde. <\/p>\n\n\n\n<p>In der U11 m\u00e4nnlich ergatterte sich Antoni Schaller tapfer k\u00e4mpfend auf Leih-Ski den neunten Platz.<\/p>\n\n\n\n<p>In den folgenden Jahrg\u00e4ngen gab es keine Kniebiser Teilnehmer bis wieder ein Dugersuren das Heft des Handelns in die Hand nahm. Diesmal in der weiblichen U13 unsere Kader-Athletin Misheel auf Platz 2: <strong>ter \u00f6nd\u00f6r amidrakh bolno<\/strong><\/p>\n\n\n\n<p>Exakt wie Lars Bea in der U14 m\u00e4nnlich: Platz 2 f\u00fcr Lars.<\/p>\n\n\n\n<p>Nach seinem dritten Platz im DSV-Sch\u00fclercup sicher als einer der Favoriten gestartet, wurde Tom Waidelich mit wenigen Zehntelsekunden erster in der U15 m\u00e4nnlich und untermauerte damit seine herrvoragende Form. Philip Hund komplettierte das gro\u00dfartige Gesamt-Ergebnis mit dem f\u00fcnften Platz<\/p>\n\n\n\n<p>Mit diesen Ergebnissen h\u00f6chst zufrieden startet der SV\/SZ Kniebis am gr\u00f6\u00dften Wettkampf des Jahres im heimischen Ski Stadion: <a href=\"https:\/\/schaller-werbeagentur.de\/svkniebis\/veranstaltungen\/lemmingloppet-2022\/\" data-type=\"page\" data-id=\"814\">Dem Lemming Loopet<\/a> und hofft dort in der freien Technik auf gute Ski und viel Erfolg (oder\/und auch Spass)<\/p>\n\n\n\n<p><\/p>\n","protected":false},"excerpt":{"rendered":"<p>Bei anhaltend guten Wetterbedingungen fand endlich wieder ein kleines bisschen Normalit\u00e4t auch im Skistadion Kniebis statt. Auf der VR Talentiade des SC Seebach konnten die Kleinsten, Kleinen und Nicht-mehr-ganz-so-Kleinen zeigen, ob sie w\u00e4hrend der ewig langen Corona-Pause Alles verlernt oder gar Neues erlernt hatten. <\/p>\n","protected":false},"author":1,"featured_media":9,"parent":70,"menu_order":6,"comment_status":"closed","ping_status":"closed","template":"","meta":{"footnotes":""},"categories":[],"tags":[43,3,6,2],"class_list":["post-1993","page","type-page","status-publish","has-post-thumbnail","hentry","tag-43","tag-bericht","tag-langlauf","tag-wettkampf"],"_links":{"self":[{"href":"https:\/\/schaller-werbeagentur.de\/svkniebis\/wp-json\/wp\/v2\/pages\/1993","targetHints":{"allow":["GET"]}}],"collection":[{"href":"https:\/\/schaller-werbeagentur.de\/svkniebis\/wp-json\/wp\/v2\/pages"}],"about":[{"href":"https:\/\/schaller-werbeagentur.de\/svkniebis\/wp-json\/wp\/v2\/types\/page"}],"author":[{"embeddable":true,"href":"https:\/\/schaller-werbeagentur.de\/svkniebis\/wp-json\/wp\/v2\/users\/1"}],"replies":[{"embeddable":true,"href":"https:\/\/schaller-werbeagentur.de\/svkniebis\/wp-json\/wp\/v2\/comments?post=1993"}],"version-history":[{"count":8,"href":"https:\/\/schaller-werbeagentur.de\/svkniebis\/wp-json\/wp\/v2\/pages\/1993\/revisions"}],"predecessor-version":[{"id":2003,"href":"https:\/\/schaller-werbeagentur.de\/svkniebis\/wp-json\/wp\/v2\/pages\/1993\/revisions\/2003"}],"up":[{"embeddable":true,"href":"https:\/\/schaller-werbeagentur.de\/svkniebis\/wp-json\/wp\/v2\/pages\/70"}],"wp:featuredmedia":[{"embeddable":true,"href":"https:\/\/schaller-werbeagentur.de\/svkniebis\/wp-json\/wp\/v2\/media\/9"}],"wp:attachment":[{"href":"https:\/\/schaller-werbeagentur.de\/svkniebis\/wp-json\/wp\/v2\/media?parent=1993"}],"wp:term":[{"taxonomy":"category","embeddable":true,"href":"https:\/\/schaller-werbeagentur.de\/svkniebis\/wp-json\/wp\/v2\/categories?post=1993"},{"taxonomy":"post_tag","embeddable":true,"href":"https:\/\/schaller-werbeagentur.de\/svkniebis\/wp-json\/wp\/v2\/tags?post=1993"}],"curies":[{"name":"wp","href":"https:\/\/api.w.org\/{rel}","templated":true}]}}