{"id":2,"date":"2016-09-19T06:02:38","date_gmt":"2016-09-19T06:02:38","guid":{"rendered":"http:\/\/schaller-werbeagentur.de\/oldtimer-tiefenbronn\/?page_id=2"},"modified":"2021-02-11T14:24:33","modified_gmt":"2021-02-11T13:24:33","slug":"sample-page","status":"publish","type":"page","link":"https:\/\/schaller-werbeagentur.de\/svkniebis\/","title":{"rendered":"Von ganz oben"},"content":{"rendered":"\n<!-- \/\/\/\/\/\/\/ 003 \u00dcbergangs-Block (Branding und Aussagen) -->\n<section class=\"row uebergang_block \">\n<h2>Inmitten von dichtem Tannenmeer b\u00fcndelt der SV\/SZ Kniebis die sportlichen Aktivit\u00e4ten des Schwarzw\u00e4lder Bergdorfs seit 1928. Mit unseren wundersch\u00f6nen Loipen samt Beschneiungsanlagen, Flutlicht und sicherer Schneelage auf knapp 1000 Meter \u00fcber Meer sind wir einer der Haupt-Anlaufpunkte f\u00fcr Langl\u00e4ufer in Baden-W\u00fcrttemberg. Wir freuen uns auf Deinen Besuch. \u00dcbrigens: Eine Saisonkarte kannst Du auch online  kaufen<span><a href=\"saisonkarte-bestellen\/ \" class=\"btn btn-outline-dark \">\u21a3  Saisonkarte kaufen<\/a><\/span><\/h2>\n<\/section>\n\n\n\n<section class=\"row fotocollage_block\"><div class=\"fotocollage \">\n\n\n\n<figure class=\"wp-block-image size-large is-style-default\"><img loading=\"lazy\" decoding=\"async\" width=\"600\" height=\"375\" src=\"http:\/\/schaller-werbeagentur.de\/svkniebis\/wp-content\/uploads\/2020\/10\/kniebis_heim_2-min.jpg\" alt=\"\" class=\"wp-image-227\" srcset=\"https:\/\/schaller-werbeagentur.de\/svkniebis\/wp-content\/uploads\/2020\/10\/kniebis_heim_2-min.jpg 600w, https:\/\/schaller-werbeagentur.de\/svkniebis\/wp-content\/uploads\/2020\/10\/kniebis_heim_2-min-300x188.jpg 300w\" sizes=\"auto, (max-width: 600px) 100vw, 600px\" \/><\/figure>\n\n\n\n<figure class=\"wp-block-image size-large is-style-default\"><img loading=\"lazy\" decoding=\"async\" width=\"600\" height=\"375\" src=\"http:\/\/schaller-werbeagentur.de\/svkniebis\/wp-content\/uploads\/2020\/10\/kniebis_heim_7-min.jpg\" alt=\"\" class=\"wp-image-228\" srcset=\"https:\/\/schaller-werbeagentur.de\/svkniebis\/wp-content\/uploads\/2020\/10\/kniebis_heim_7-min.jpg 600w, https:\/\/schaller-werbeagentur.de\/svkniebis\/wp-content\/uploads\/2020\/10\/kniebis_heim_7-min-300x188.jpg 300w\" sizes=\"auto, (max-width: 600px) 100vw, 600px\" \/><\/figure>\n\n\n\n<figure class=\"wp-block-image size-large is-style-default\"><img loading=\"lazy\" decoding=\"async\" width=\"600\" height=\"375\" src=\"http:\/\/schaller-werbeagentur.de\/svkniebis\/wp-content\/uploads\/2020\/10\/kniebis_heim_3-min.jpg\" alt=\"\" class=\"wp-image-229\" srcset=\"https:\/\/schaller-werbeagentur.de\/svkniebis\/wp-content\/uploads\/2020\/10\/kniebis_heim_3-min.jpg 600w, https:\/\/schaller-werbeagentur.de\/svkniebis\/wp-content\/uploads\/2020\/10\/kniebis_heim_3-min-300x188.jpg 300w\" sizes=\"auto, (max-width: 600px) 100vw, 600px\" \/><\/figure>\n\n\n\n<figure class=\"wp-block-image size-large is-style-default\"><img loading=\"lazy\" decoding=\"async\" width=\"600\" height=\"375\" src=\"http:\/\/schaller-werbeagentur.de\/svkniebis\/wp-content\/uploads\/2020\/10\/kniebis_heim_1-min.jpg\" alt=\"\" class=\"wp-image-230\" srcset=\"https:\/\/schaller-werbeagentur.de\/svkniebis\/wp-content\/uploads\/2020\/10\/kniebis_heim_1-min.jpg 600w, https:\/\/schaller-werbeagentur.de\/svkniebis\/wp-content\/uploads\/2020\/10\/kniebis_heim_1-min-300x188.jpg 300w\" sizes=\"auto, (max-width: 600px) 100vw, 600px\" \/><\/figure>\n\n\n\n<figure class=\"wp-block-image size-large is-style-default\"><img loading=\"lazy\" decoding=\"async\" width=\"600\" height=\"375\" src=\"http:\/\/schaller-werbeagentur.de\/svkniebis\/wp-content\/uploads\/2020\/10\/kniebis_heim_9-min.jpg\" alt=\"\" class=\"wp-image-231\" srcset=\"https:\/\/schaller-werbeagentur.de\/svkniebis\/wp-content\/uploads\/2020\/10\/kniebis_heim_9-min.jpg 600w, https:\/\/schaller-werbeagentur.de\/svkniebis\/wp-content\/uploads\/2020\/10\/kniebis_heim_9-min-300x188.jpg 300w\" sizes=\"auto, (max-width: 600px) 100vw, 600px\" \/><\/figure>\n\n\n\n<figure class=\"wp-block-image size-large is-style-default\"><img loading=\"lazy\" decoding=\"async\" width=\"600\" height=\"375\" src=\"http:\/\/schaller-werbeagentur.de\/svkniebis\/wp-content\/uploads\/2020\/10\/kniebis_heim_8-min.jpg\" alt=\"\" class=\"wp-image-232\" srcset=\"https:\/\/schaller-werbeagentur.de\/svkniebis\/wp-content\/uploads\/2020\/10\/kniebis_heim_8-min.jpg 600w, https:\/\/schaller-werbeagentur.de\/svkniebis\/wp-content\/uploads\/2020\/10\/kniebis_heim_8-min-300x188.jpg 300w\" sizes=\"auto, (max-width: 600px) 100vw, 600px\" \/><\/figure>\n\n\n\n<figure class=\"wp-block-image size-large is-style-default\"><img loading=\"lazy\" decoding=\"async\" width=\"600\" height=\"375\" src=\"http:\/\/schaller-werbeagentur.de\/svkniebis\/wp-content\/uploads\/2020\/10\/kniebis_heim_6-min.jpg\" alt=\"\" class=\"wp-image-234\" srcset=\"https:\/\/schaller-werbeagentur.de\/svkniebis\/wp-content\/uploads\/2020\/10\/kniebis_heim_6-min.jpg 600w, https:\/\/schaller-werbeagentur.de\/svkniebis\/wp-content\/uploads\/2020\/10\/kniebis_heim_6-min-300x188.jpg 300w\" sizes=\"auto, (max-width: 600px) 100vw, 600px\" \/><\/figure>\n\n\n\n<figure class=\"wp-block-image size-large is-style-default\"><img loading=\"lazy\" decoding=\"async\" width=\"600\" height=\"375\" src=\"http:\/\/schaller-werbeagentur.de\/svkniebis\/wp-content\/uploads\/2020\/10\/kniebis_heim_5-min.jpg\" alt=\"\" class=\"wp-image-235\" srcset=\"https:\/\/schaller-werbeagentur.de\/svkniebis\/wp-content\/uploads\/2020\/10\/kniebis_heim_5-min.jpg 600w, https:\/\/schaller-werbeagentur.de\/svkniebis\/wp-content\/uploads\/2020\/10\/kniebis_heim_5-min-300x188.jpg 300w\" sizes=\"auto, (max-width: 600px) 100vw, 600px\" \/><\/figure>\n\n\n\n<figure class=\"wp-block-image size-large is-style-default\"><img loading=\"lazy\" decoding=\"async\" width=\"600\" height=\"375\" src=\"http:\/\/schaller-werbeagentur.de\/svkniebis\/wp-content\/uploads\/2020\/10\/kniebis_heim_4-min.jpg\" alt=\"\" class=\"wp-image-236\" srcset=\"https:\/\/schaller-werbeagentur.de\/svkniebis\/wp-content\/uploads\/2020\/10\/kniebis_heim_4-min.jpg 600w, https:\/\/schaller-werbeagentur.de\/svkniebis\/wp-content\/uploads\/2020\/10\/kniebis_heim_4-min-300x188.jpg 300w\" sizes=\"auto, (max-width: 600px) 100vw, 600px\" \/><\/figure>\n\n\n\n<\/div><\/section>\n","protected":false},"excerpt":{"rendered":"<p>Inmitten von dichtem Tannenmeer b\u00fcndelt der SV\/SZ Kniebis die sportlichen Aktivit\u00e4ten des Schwarzw\u00e4lder Bergdorfs seit 1928. Mit unseren wundersch\u00f6nen Loipen samt Beschneiungsanlagen, Flutlicht und sicherer Schneelage auf knapp 1000 Meter \u00fcber Meer sind [&hellip;]<\/p>\n","protected":false},"author":1,"featured_media":0,"parent":0,"menu_order":0,"comment_status":"closed","ping_status":"open","template":"startseite.php","meta":{"footnotes":""},"categories":[],"tags":[],"class_list":["post-2","page","type-page","status-publish","hentry"],"_links":{"self":[{"href":"https:\/\/schaller-werbeagentur.de\/svkniebis\/wp-json\/wp\/v2\/pages\/2","targetHints":{"allow":["GET"]}}],"collection":[{"href":"https:\/\/schaller-werbeagentur.de\/svkniebis\/wp-json\/wp\/v2\/pages"}],"about":[{"href":"https:\/\/schaller-werbeagentur.de\/svkniebis\/wp-json\/wp\/v2\/types\/page"}],"author":[{"embeddable":true,"href":"https:\/\/schaller-werbeagentur.de\/svkniebis\/wp-json\/wp\/v2\/users\/1"}],"replies":[{"embeddable":true,"href":"https:\/\/schaller-werbeagentur.de\/svkniebis\/wp-json\/wp\/v2\/comments?post=2"}],"version-history":[{"count":24,"href":"https:\/\/schaller-werbeagentur.de\/svkniebis\/wp-json\/wp\/v2\/pages\/2\/revisions"}],"predecessor-version":[{"id":646,"href":"https:\/\/schaller-werbeagentur.de\/svkniebis\/wp-json\/wp\/v2\/pages\/2\/revisions\/646"}],"wp:attachment":[{"href":"https:\/\/schaller-werbeagentur.de\/svkniebis\/wp-json\/wp\/v2\/media?parent=2"}],"wp:term":[{"taxonomy":"category","embeddable":true,"href":"https:\/\/schaller-werbeagentur.de\/svkniebis\/wp-json\/wp\/v2\/categories?post=2"},{"taxonomy":"post_tag","embeddable":true,"href":"https:\/\/schaller-werbeagentur.de\/svkniebis\/wp-json\/wp\/v2\/tags?post=2"}],"curies":[{"name":"wp","href":"https:\/\/api.w.org\/{rel}","templated":true}]}}