{"id":2767,"date":"2023-11-17T19:57:52","date_gmt":"2023-11-17T18:57:52","guid":{"rendered":"https:\/\/schaller-werbeagentur.de\/svkniebis\/?page_id=2767"},"modified":"2024-01-24T09:21:03","modified_gmt":"2024-01-24T08:21:03","slug":"patenschaft-2400-meter-nachtloipe","status":"publish","type":"page","link":"https:\/\/schaller-werbeagentur.de\/svkniebis\/saisonkarten-ordner\/patenschaft-2400-meter-nachtloipe\/","title":{"rendered":"Patenschaft 2.360 Meter Nachtloipe"},"content":{"rendered":"\n<h2 class=\"wp-block-heading\">Update: Danke f\u00fcr Eure Hilfe<\/h2>\n\n\n\n<p>Aus einer kleinen Schnapsidee haben so viele von Euch daf\u00fcr gesorgt, dass die Idee real geworden ist. Die ersten Paten standen bereits wenige Minuten nach Launch fest und es wurden immer mehr. Wir haben \u2013\u00a0noch \u2013 nicht alle 2360 Meter vergeben k\u00f6nnen, aber wir haben ja auch noch Zeit \ud83d\ude42<\/p>\n\n\n\n<p>Als kleines Dankesch\u00f6n haben wir auch ohne Naturschnee und unter widrigen Bedingungen die Loipen w\u00e4hrend Weihnachten und des Januars pr\u00e4pariert und werden das bei jeder m\u00f6glichen Situation auch wiederholen. <\/p>\n\n\n\n<h3 class=\"wp-block-heading\">Und hier sind unsere Paten. Noch einmal ein ganz herzliches Dankesch\u00f6n<\/h3>\n\n\n\n<figure class=\"wp-block-table\"><table><tbody><tr><td>Tobias Sigwarth \/ Sportverein Saig 1908 e.V.<\/td><\/tr><tr><td>Andreas Haug<\/td><\/tr><tr><td>Dirk Debertin<\/td><\/tr><tr><td>will nicht genannt werden<\/td><\/tr><tr><td>Peter Schmidt<\/td><\/tr><tr><td>Hermann und Claudia John<\/td><\/tr><tr><td>will nicht genannt werden<\/td><\/tr><tr><td>Franz Horn<\/td><\/tr><tr><td>Fabian Just<\/td><\/tr><tr><td>Lando Huber &#8211; Denzel &#8211; Ingenieurb\u00fcro Tecmedical<\/td><\/tr><tr><td>will nicht genannt werden<\/td><\/tr><tr><td>Tobias Fabian-Krause<\/td><\/tr><tr><td>Gerd Hieber<\/td><\/tr><tr><td>Axel Jetter<\/td><\/tr><tr><td>will nicht genannt werden<\/td><\/tr><tr><td>Rainer Graf<\/td><\/tr><tr><td>will nicht genannt werden<\/td><\/tr><tr><td>Thomas Reichert<\/td><\/tr><tr><td>will nicht genannt werden<\/td><\/tr><tr><td>Axel Meyer-H\u00fcbner<\/td><\/tr><tr><td>Alexander Oberle<\/td><\/tr><tr><td>Jan Schmalhorst<\/td><\/tr><tr><td>Franz, Bernd<\/td><\/tr><tr><td>will nicht genannt werden<\/td><\/tr><tr><td>Heinz S.<\/td><\/tr><tr><td>Dr. Ilse Nickel<\/td><\/tr><tr><td>Natalia Gall<\/td><\/tr><tr><td>Stefan Dilger<\/td><\/tr><tr><td>Michael Schlaich<\/td><\/tr><tr><td>Alexey Markov<\/td><\/tr><tr><td>Albrecht Ortmann<\/td><\/tr><tr><td>Nikolai Habisreitinger<\/td><\/tr><tr><td>will nicht genannt werden<\/td><\/tr><tr><td>Markus Benz<\/td><\/tr><tr><td>Rolf Gerhards<\/td><\/tr><tr><td>will nicht genannt werden<\/td><\/tr><tr><td>will nicht genannt werden<\/td><\/tr><tr><td>Hans Helwing<\/td><\/tr><tr><td>will nicht genannt werden<\/td><\/tr><tr><td>Markus Rothfu\u00df<\/td><\/tr><tr><td>Matthias Gogel<\/td><\/tr><tr><td>Clemens Axtmann<\/td><\/tr><tr><td>Sonja Herzog-Besse<\/td><\/tr><tr><td>will nicht genannt werden<\/td><\/tr><tr><td>Roland K\u00e4flein<\/td><\/tr><tr><td>Nina Weber<\/td><\/tr><tr><td>Nina Weber<\/td><\/tr><tr><td>Sarah Ulbrich<\/td><\/tr><tr><td>Nick Monschein<\/td><\/tr><tr><td>Stefan Monschein<\/td><\/tr><tr><td><em>Zus\u00e4tzlich wollen wir selbst, einigen Menschen mit einer Patenschaft danken, die das Langlauf-Fahren \u00fcber Jahrzehnte hier oben m\u00f6glich gemacht haben. Das sind sehr viele, und wir beginnen mit unseren ehemaligen Vorst\u00e4nden und Gr\u00fcndungsmitgliedern. Wer sich hier angesprochen f\u00fchlt oder jemanden kennt, der so geehrt werden sollte, gerne einfach kurzen Kontakt an info@sv-sz-kniebis.de <\/em><\/td><\/tr><tr><td>Karl Heinzelmann<\/td><\/tr><tr><td>Gustav Fahrner<\/td><\/tr><tr><td>Willy Fuchs<\/td><\/tr><tr><td>Emil Haist<\/td><\/tr><tr><td>Paul Moser<\/td><\/tr><tr><td>Robert Moser<\/td><\/tr><tr><td>Fritz Heinzelmann<\/td><\/tr><tr><td>Karl Fahrner<\/td><\/tr><tr><td>Heinrich Eckstein sen.<\/td><\/tr><tr><td>Gustav Haist<\/td><\/tr><tr><td>Heinrich Eckstein jun<\/td><\/tr><tr><td>Michael Hartz<\/td><\/tr><tr><td>Herbert Scholz<\/td><\/tr><\/tbody><\/table><figcaption>(Wir f\u00fchren diese \u00f6ffentliche Liste \u00fcbrigens mit Absicht ohne Meterangaben. F\u00fcr alle, die keine Patenschaft haben und jetzt dar\u00fcber entt\u00e4uscht sind nicht zu wissen, wieviel der Nachbar gebucht hat: Willkommen im 21ten Jahrhundert. Hier ging es und geht nicht darum festzustellen wer den l\u00e4ngsten Meterabschnitt nimmt, sondern dass alle ein bisschen helfen)<\/figcaption><\/figure>\n\n\n\n<p><\/p>\n\n\n\n<p><em>Und f\u00fcr alle, die jetzt gar nicht wissen um was es geht, geht es hier los:<\/em><\/p>\n\n\n\n<p><\/p>\n\n\n\n<h2 class=\"wp-block-heading\">Wir k\u00f6nnten bisschen Hilfe gebrauchen<\/h2>\n\n\n\n<p>Wir haben das Gef\u00fchl, dass viele von Euch wissen, was f\u00fcr ein Aufwand hinter so einem Loipennetz steckt. Aber wir wollen Euch aus gegebenem Anlass auch mal kurz hinter die Kulissen f\u00fchren, was &#8222;Aufwand&#8220; bei einigen au\u00dfergew\u00f6hnlichen Ereignissen konkret in zus\u00e4tzlichen Zahlen bedeutet, und wie Ihr uns vielleicht ein klein bisschen dabei unterst\u00fctzen k\u00f6nnt:<\/p>\n\n\n\n<p><strong>Ereignis 1<\/strong><\/p>\n\n\n\n<p>W\u00e4hrend eines heftigen Wintersturms im Februar 23 fiel ein meterhoher Baum so ungl\u00fccklich in eine unserer Schneelanzen, dass diese das vorzeitige Karriereende antreten musste. Trotz Versicherung blieben wir vollst\u00e4ndig auf dem Schaden sitzen, ersetzten diese Lanze aber nat\u00fcrlich. Inklusive Arbeitsaufwand bedeutete das einen f\u00fcnfstelligen Aufwand f\u00fcr uns. (Ihr merkt, schon daf\u00fcr muss man mehr Saisonkarten verkaufen als wir es tun)<\/p>\n\n\n\n<p><strong>Ereignis 2<\/strong><\/p>\n\n\n\n<p>Unser k\u00fcnstlich erzeugter Schnee hat seinen Ursprung in einem Speichersee ein klein wenig abseits der Loipen. Aber leider war aus dem Speichersee \u00fcber das letzte Jahr ein Speichert\u00fcmpel geworden. Der See war aus mehreren Gr\u00fcnden undicht geworden. Die Reparaturen daf\u00fcr beliefen sich auf einen mittleren f\u00fcnftselligen Betrag (noch mehr Saisonkarten, die wir nicht verkaufen werden&#8230;). Den ganzen Ablauf seht Ihr hier:<\/p>\n\n\n\n<div class=\"wp-block-columns zustandgalerie is-layout-flex wp-container-core-columns-is-layout-1 wp-block-columns-is-layout-flex\">\n<div class=\"wp-block-column is-layout-flow wp-block-column-is-layout-flow\">\n<figure class=\"wp-block-image size-large\"><img decoding=\"async\" src=\"https:\/\/img.mailinblue.com\/2493493\/images\/content_library\/original\/65579b584f8939f49853c171.jpeg\" alt=\"\"\/><figcaption>So h\u00e4tte der &#8222;See&#8220; ohne Arbeiten aussehen k\u00f6nnen<\/figcaption><\/figure>\n<\/div>\n\n\n\n<div class=\"wp-block-column is-layout-flow wp-block-column-is-layout-flow\">\n<figure class=\"wp-block-image size-large\"><img decoding=\"async\" src=\"https:\/\/img.mailinblue.com\/2493493\/images\/content_library\/original\/65579a797d3b1eb2e730a746.jpg\" alt=\"\"\/><figcaption>Mit schwerem Ger\u00e4t wurden Tonnen Schlamm beseitigt<\/figcaption><\/figure>\n<\/div>\n\n\n\n<div class=\"wp-block-column is-layout-flow wp-block-column-is-layout-flow\">\n<figure class=\"wp-block-image size-large\"><img decoding=\"async\" src=\"https:\/\/img.mailinblue.com\/2493493\/images\/content_library\/original\/65579a724f8939f49853c15a.jpg\" alt=\"\"\/><figcaption>Der See von oben samt neuer Anlage und funktionierender Dichtung<\/figcaption><\/figure>\n<\/div>\n<\/div>\n\n\n\n<p><\/p>\n\n\n\n<p>Wir sind zwar vom Loipenf\u00f6rderverein Freudenstadt und vom Skiverband wirklich sehr gro\u00dfz\u00fcgig unterst\u00fctzt worden, bleiben aber trotzdem auf einigen Kosten sitzen. Daf\u00fcr ist die Schneewasserversorgung wieder gew\u00e4hrleistet<\/p>\n\n\n\n<p><strong>Ereignis 3<\/strong><\/p>\n\n\n\n<p>Wir haben technisch ein kleines Upgrade gemacht: Unsere Webcams sind ein wenig in die Jahre gekommen und mussten teilweise erneuert werden. Das ist in unserer extrem exponierten Lage schwieriger als es klingt, die Dinger m\u00fcssen n\u00e4mlich in ca. 8m H\u00f6he montiert werden und dort dann eben auch mal \u00fcber 120 km\/h Sturmb\u00f6en aushalten k\u00f6nnen. Dank unseres Sponsors IT+S, den Stadtwerken Freudenstadt und der tatkr\u00e4ftigen Hilfe der Familie Engelfried sind auch diese Arbeiten &#8211; inklusive vierstelliger Kosten &#8211; p\u00fcnktlich zum Saisonstart beendet, das Ergebnis k\u00f6nnt Ihr dann regelm\u00e4\u00dfig auf der Website sehen.<\/p>\n\n\n\n<p><strong>Ereignis 4<\/strong><\/p>\n\n\n\n<p>Die Strava-Segmente der Nachtloipe sind die beliebtesten in unserer Region, f\u00fcr jeden der sich aber mal ganz ohne Strava messen will, kann das bald &#8211; hoffentlich rechtzeitig zum Saisonstart &#8211; bei uns dank analogem Zeiterfassungssystem machen. Diese Neuerung wird uns ausnahmsweise nichts kosten und Euch nat\u00fcrlich auch nicht. Konkretes seht Ihr dann beim Betreten der Loipe \ud83d\ude42<\/p>\n\n\n\n<p>So und jetzt nach diesem ganzen Talk merkt Ihr schon: Wir m\u00fcssen uns ganz sch\u00f6n strecken um diese Kosten zus\u00e4tzlich zu den sowieso laufenden decken zu k\u00f6nnen. Und weil wir wissen, dass solche Kosten immer wieder kommen werden in der Zukunft und die normalen Kan\u00e4le auch schon ziemlich ausgereizt sind, kommt hier unser Vorschlag an Euch f\u00fcr uns:<\/p>\n\n\n\n<blockquote class=\"wp-block-quote is-layout-flow wp-block-quote-is-layout-flow\"><p><strong>2360 Meter Nachtloipe &#8211;&nbsp;<\/strong><br><strong>f\u00fcr jeden Einzelnen Meter k\u00f6nnt Ihr Pate werden<\/strong><\/p><\/blockquote>\n\n\n\n<h2 class=\"wp-block-heading\">Patenschaft<\/h2>\n\n\n\n<p>Der Titel sagt schon eigentlich Alles. Ihr k\u00f6nnt jeden Meter der Nachtloipe als Pate gegen 4 EUR\/Jahr \u00fcbernehmen. Und: Ja, nat\u00fcrlich k\u00f6nnt Ihr auch 2 oder 7 oder 12 Meter buchen, oder wenn Ihr ganz hochfliegende Pl\u00e4ne habt, gerne nat\u00fcrlich noch mehr. <\/p>\n\n\n\n<p>Bevor wir uns falsch verstehen: Ihr &#8222;besitzt&#8220; dann nat\u00fcrlich nicht die von Euch als Pate besetzen Meter und geht auch keine Pflichten ein sondern habt ganz im Gegenteil nur Vorteile &#8211; n\u00e4mlich diese:<\/p>\n\n\n\n<ol class=\"wp-block-list\" id=\"patenblock\"><li>Als Sponsor erhaltet Ihr die Saisonkarte 5 EUR verg\u00fcnstigt<\/li><li>F\u00fcr wirklich nur ganz wenige Euros helft Ihr Eurem Lieblingssport regional langfristig <\/li><li>Ab 25 Metern werdet Ihr &#8211; falls Ihr das wollt &#8211; als Goldpate auf dieser Seite online erw\u00e4hnt<\/li><li>Ab 1 Meter werdet Ihr &#8211; falls Ihr das wollt &#8211; als Pate auf dieser Seite online erw\u00e4hnt<\/li><li>Wir danken Euch explizit auf 2 gro\u00dfen Tafeln direkt am Skistadion als privaten Sponsoren (nicht namentlich)<\/li><li>Ab einer Spendensumme von 100 EUR (also 25 Metern) stellen wir gerne eine Spendenbescheinigung aus. Falls das gew\u00fcnscht wird, bitte zus\u00e4tzliche Info an info@sv-sz-kniebis.de schicken<\/li><\/ol>\n\n\n\n<p><\/p>\n\n\n\n<div class=\"wp-block-contact-form-7-contact-form-selector patenblock\">\n<div class=\"wpcf7 no-js\" id=\"wpcf7-f2768-o1\" lang=\"de-DE\" dir=\"ltr\" data-wpcf7-id=\"2768\">\n<div class=\"screen-reader-response\"><p role=\"status\" aria-live=\"polite\" aria-atomic=\"true\"><\/p> <ul><\/ul><\/div>\n<form action=\"\/svkniebis\/wp-json\/wp\/v2\/pages\/2767#wpcf7-f2768-o1\" method=\"post\" class=\"wpcf7-form init\" aria-label=\"Kontaktformular\" novalidate=\"novalidate\" data-status=\"init\">\n<fieldset class=\"hidden-fields-container\"><input type=\"hidden\" name=\"_wpcf7\" value=\"2768\" \/><input type=\"hidden\" name=\"_wpcf7_version\" value=\"6.1.5\" \/><input type=\"hidden\" name=\"_wpcf7_locale\" value=\"de_DE\" \/><input type=\"hidden\" name=\"_wpcf7_unit_tag\" value=\"wpcf7-f2768-o1\" \/><input type=\"hidden\" name=\"_wpcf7_container_post\" value=\"0\" \/><input type=\"hidden\" name=\"_wpcf7_posted_data_hash\" value=\"\" \/><input type=\"hidden\" name=\"_wpcf7_recaptcha_response\" value=\"\" \/>\n<\/fieldset>\n<h3>Bereit?\n<\/h3>\n<p>Noch mal zur Erinnerung: 1 Meter kostet 4 EUR\/Jahr und Ihr k\u00f6nnt soviele nehmen wie Ihr wollt.\n<\/p>\n<div class=\"form-group\">\n\t<p><label> Dein Name<br \/>\n<span class=\"wpcf7-form-control-wrap\" data-name=\"your-name\"><input size=\"40\" maxlength=\"400\" class=\"wpcf7-form-control wpcf7-text wpcf7-validates-as-required form-control\" aria-required=\"true\" aria-invalid=\"false\" placeholder=\"Max Mustermann\" value=\"\" type=\"text\" name=\"your-name\" \/><\/span> <\/label><br \/>\n<small class=\"form-text text-muted\">Falls Du Deinen Namen auf der Website als Pate abgebildet sehen willst, wird dieser Wert verwendet<\/small>\n\t<\/p>\n<\/div>\n<div class=\"form-group\">\n\t<p><label> Falls Du einen Meter verschenken willst, gib hier bitte den Namen des Beschenkten an<br \/>\n<span class=\"wpcf7-form-control-wrap\" data-name=\"your-friend\"><input size=\"40\" maxlength=\"400\" class=\"wpcf7-form-control wpcf7-text form-control\" aria-invalid=\"false\" placeholder=\"Bernd M\u00fcller\" value=\"\" type=\"text\" name=\"your-friend\" \/><\/span><\/label><br \/>\n<small id=\"namenHilfe2\" class=\"form-text text-muted\">Du kannst nat\u00fcrlich jeden Namen eintragen, den Du willst. Also \"Bernd\" oder \"Bernd M\u00fcller\"....<\/small>\n\t<\/p>\n<\/div>\n<div class=\"form-group\">\n\t<p><label> Deine E-Mail-Adresse<br \/>\n<span class=\"wpcf7-form-control-wrap\" data-name=\"your-email\"><input size=\"40\" maxlength=\"400\" class=\"wpcf7-form-control wpcf7-email wpcf7-validates-as-required wpcf7-text wpcf7-validates-as-email form-control\" aria-required=\"true\" aria-invalid=\"false\" placeholder=\"max@mustermann.de\" value=\"\" type=\"email\" name=\"your-email\" \/><\/span> <\/label><br \/>\n<small id=\"namenHilfe2\" class=\"form-text text-muted\">Gib hier unbedingt Deine eigene Mail-Adresse an, egal ob Du den Meter verschenken, oder selber \"nutzen\" willst.<\/small>\n\t<\/p>\n<\/div>\n<div class=\"form-group\">\n\t<p><label>Deine Adresse (oder die des Beschenkten)<br \/>\n<span class=\"wpcf7-form-control-wrap\" data-name=\"your-address\"><input size=\"40\" maxlength=\"400\" class=\"wpcf7-form-control wpcf7-text wpcf7-validates-as-required form-control\" aria-required=\"true\" aria-invalid=\"false\" placeholder=\"Musterstrasse 7\" value=\"\" type=\"text\" name=\"your-address\" \/><\/span> <\/label>\n\t<\/p>\n<\/div>\n<div class=\"form-group\">\n\t<p><label> Deine PLZ und Ort<br \/>\n<span class=\"wpcf7-form-control-wrap\" data-name=\"your-zip\"><input size=\"40\" maxlength=\"400\" class=\"wpcf7-form-control wpcf7-text wpcf7-validates-as-required form-control\" aria-required=\"true\" aria-invalid=\"false\" placeholder=\"12345 Musterstadt\" value=\"\" type=\"text\" name=\"your-zip\" \/><\/span> <\/label>\n\t<\/p>\n<\/div>\n<div class=\"form-group\">\n\t<p><label> Wieviele Meter Nachtloipe willst Du als Pate \u00fcbernehmen?<br \/>\n<span class=\"wpcf7-form-control-wrap\" data-name=\"paten-meter\"><input size=\"40\" maxlength=\"400\" class=\"wpcf7-form-control wpcf7-text wpcf7-validates-as-required form-control\" id=\"paten-meter\" aria-required=\"true\" aria-invalid=\"false\" value=\"1\" type=\"text\" name=\"paten-meter\" \/><\/span><\/label><small id=\"namenHilfe\" class=\"form-text text-muted\">Die Patenschaft f\u00fcr jeden Meter Nachtloipe l\u00e4uft immer ab November bis Ende Oktober f\u00fcr ein abweichendes Kalenderjahr. Die Meter werden nicht konkret zugewiesen <\/small>\n\t<\/p>\n<\/div>\n<div class=\"form-check\">\n\t<p><span class=\"wpcf7-form-control-wrap\" data-name=\"acceptance-842\"><span class=\"wpcf7-form-control wpcf7-acceptance optional\"><span class=\"wpcf7-list-item\"><label><input type=\"checkbox\" name=\"acceptance-842\" value=\"1\" checked=\"checked\" class=\"form-check-input\" aria-invalid=\"false\" \/><span class=\"wpcf7-list-item-label\">JA, ich will auf der Website namentlich als Pate erw\u00e4hnt werden<\/span><\/label><\/span><\/span><\/span>\n\t<\/p>\n<\/div>\n<div class=\"form-check\">\n\t<p><span class=\"wpcf7-form-control-wrap\" data-name=\"acceptance-483\"><span class=\"wpcf7-form-control wpcf7-acceptance\"><span class=\"wpcf7-list-item\"><label><input type=\"checkbox\" name=\"acceptance-483\" value=\"1\" checked=\"checked\" class=\"form-check-input\" aria-invalid=\"false\" \/><span class=\"wpcf7-list-item-label\">Ich erkenne die Allgemeinen Gesch\u00e4ftsbedingungen hiermit an und bestelle verbindlich<\/span><\/label><\/span><\/span><\/span>\n\t<\/p>\n<\/div>\n<div class=\"form-check\">\n\t<p><span class=\"wpcf7-form-control-wrap\" data-name=\"acceptance-716\"><span class=\"wpcf7-form-control wpcf7-acceptance\"><span class=\"wpcf7-list-item\"><label><input type=\"checkbox\" name=\"acceptance-716\" value=\"1\" checked=\"checked\" class=\"form-check-input\" aria-invalid=\"false\" \/><span class=\"wpcf7-list-item-label\">Doppelt Ja: Ich will zus\u00e4tzlich \u00fcber Neuigkeiten von oben per Newsletter informiert werden<\/span><\/label><\/span><\/span><\/span>\n\t<\/p>\n<\/div>\n<input class=\"wpcf7-form-control wpcf7-hidden\" id=\"your_id\" value=\"\" type=\"hidden\" name=\"your_id\" \/>\n<input class=\"wpcf7-form-control wpcf7-hidden\" id=\"your_date\" value=\"\" type=\"hidden\" name=\"your_date\" \/>\n<p><input class=\"wpcf7-form-control wpcf7-submit has-spinner btn btn-primary\" id=\"form-submit\" type=\"submit\" value=\"Verbindlich die\/den Meter bestellen\" \/>\n<\/p><div class=\"wpcf7-response-output\" aria-hidden=\"true\"><\/div>\n<\/form>\n<\/div>\n<\/div>\n\n\n\n<style>\n.patenblock{\npadding: 2em 1em;\n  background: #a6d1fe;\n  border-radius: 3px;\n}\n.zustandgalerie{\nbackground: #eee;\n}\nh4, h3,h2{\nfont-family: playfair-display, serif;\n}\n.patenblock h3{\ncolor:white;\n}\n.text-muted{\nmargin-top: 0;\n}\nlabel{\nmargin-bottom:0;\n}\n#form-submit{\nmargin-top:2em;\n}\nstrong{\ncolor:#a6d1fe;\n}\n.wpcf7-response-output{\npadding: 3em;\n  font-size: 4rem;\n  font-family: playfair-display;\n  color: white;\n  border-color: white;\n}\np.booked{\nfont-family: playfair-display;\nfont-size:2em;\n}\n<\/style>\n","protected":false},"excerpt":{"rendered":"<p>Eure Chance f\u00fcr wenig Geld ein gro\u00dfer Wohlt\u00e4ter zu sein. Jeder der 2360 Nachtloipen-Meter k\u00f6nnt Ihr jetzt als Pate \u00fcbernehmen. <\/p>\n","protected":false},"author":1,"featured_media":0,"parent":3493,"menu_order":1,"comment_status":"closed","ping_status":"closed","template":"","meta":{"footnotes":""},"categories":[],"tags":[],"class_list":["post-2767","page","type-page","status-publish","hentry"],"_links":{"self":[{"href":"https:\/\/schaller-werbeagentur.de\/svkniebis\/wp-json\/wp\/v2\/pages\/2767","targetHints":{"allow":["GET"]}}],"collection":[{"href":"https:\/\/schaller-werbeagentur.de\/svkniebis\/wp-json\/wp\/v2\/pages"}],"about":[{"href":"https:\/\/schaller-werbeagentur.de\/svkniebis\/wp-json\/wp\/v2\/types\/page"}],"author":[{"embeddable":true,"href":"https:\/\/schaller-werbeagentur.de\/svkniebis\/wp-json\/wp\/v2\/users\/1"}],"replies":[{"embeddable":true,"href":"https:\/\/schaller-werbeagentur.de\/svkniebis\/wp-json\/wp\/v2\/comments?post=2767"}],"version-history":[{"count":28,"href":"https:\/\/schaller-werbeagentur.de\/svkniebis\/wp-json\/wp\/v2\/pages\/2767\/revisions"}],"predecessor-version":[{"id":3510,"href":"https:\/\/schaller-werbeagentur.de\/svkniebis\/wp-json\/wp\/v2\/pages\/2767\/revisions\/3510"}],"up":[{"embeddable":true,"href":"https:\/\/schaller-werbeagentur.de\/svkniebis\/wp-json\/wp\/v2\/pages\/3493"}],"wp:attachment":[{"href":"https:\/\/schaller-werbeagentur.de\/svkniebis\/wp-json\/wp\/v2\/media?parent=2767"}],"wp:term":[{"taxonomy":"category","embeddable":true,"href":"https:\/\/schaller-werbeagentur.de\/svkniebis\/wp-json\/wp\/v2\/categories?post=2767"},{"taxonomy":"post_tag","embeddable":true,"href":"https:\/\/schaller-werbeagentur.de\/svkniebis\/wp-json\/wp\/v2\/tags?post=2767"}],"curies":[{"name":"wp","href":"https:\/\/api.w.org\/{rel}","templated":true}]}}