{"id":312,"date":"2020-10-23T17:16:32","date_gmt":"2020-10-23T15:16:32","guid":{"rendered":"http:\/\/schaller-werbeagentur.de\/svkniebis\/?page_id=312"},"modified":"2024-01-17T20:50:21","modified_gmt":"2024-01-17T19:50:21","slug":"skirollerstrecke","status":"publish","type":"page","link":"https:\/\/schaller-werbeagentur.de\/svkniebis\/verein\/skirollerstrecke\/","title":{"rendered":"Skirollerstrecke"},"content":{"rendered":"\n<p>Liebe Sportlerinnen und Sportler, liebe G\u00e4ste, <br>der SV-SZ Kniebis hat mit Zusch\u00fcssen des Landes Baden-W\u00fcrttemberg und des WLSB sowie hohen eigenen finanziellen Mitteln und Eigenleistung die Sanierung und Erweiterung der Skirollerstrecke (Nachtloipe) \u00fcbernommen und durchgef\u00fchrt. <\/p>\n\n\n\n<p>Nach den 2015 abgeschlossenen Bauma\u00dfnahmen ist es nun m\u00f6glich, die gesamte Skirollerstrecke mit einer neu geschaffenen Abk\u00fcrzung und einigen Verbreiterungen auf v\u00f6llig neuem Belag mit Skirollern und Inlinern zu befahren.<\/p>\n\n\n\n<p>Zur Finanzierung der Bauma\u00dfnahme und f\u00fcr die notwendigen Reinigungs- und Unterhaltskosten bitten wir Sie an den Kassenautomaten die Tagesgeb\u00fchr von 3,00 \u20ac zu bezahlen.<\/p>\n\n\n\n<p>F\u00fcr Gruppen sowie Sportlerinnen und Sportler, die die Anlage \u00fcber die gesamte Sommersaison nutzen, kann eine pauschale Nutzungsgeb\u00fchr mit der Vorstandschaft des SV-SZ Kniebis vereinbart werden.<\/p>\n\n\n\n<p>Wir weisen darauf hin, dass der SV-SZ Kniebis und die ARGE Skiroller als Betreiber keinerlei Haftung im Rahmen der Ben\u00fctzung \u00fcbernehmen. Wir w\u00fcnschen Ihnen viel Spa\u00df auf unserer Skiroller- und Inlinerstrecke.<\/p>\n","protected":false},"excerpt":{"rendered":"<p>Nach den 2015 abgeschlossenen Bauma\u00dfnahmen ist es nun m\u00f6glich, die gesamte Skirollerstrecke mit einer neu geschaffenen Abk\u00fcrzung und einigen Verbreiterungen auf v\u00f6llig neuem Belag mit Skirollern und Inlinern zu befahren.<\/p>\n","protected":false},"author":1,"featured_media":314,"parent":83,"menu_order":0,"comment_status":"closed","ping_status":"closed","template":"","meta":{"footnotes":""},"categories":[],"tags":[],"class_list":["post-312","page","type-page","status-publish","has-post-thumbnail","hentry"],"_links":{"self":[{"href":"https:\/\/schaller-werbeagentur.de\/svkniebis\/wp-json\/wp\/v2\/pages\/312","targetHints":{"allow":["GET"]}}],"collection":[{"href":"https:\/\/schaller-werbeagentur.de\/svkniebis\/wp-json\/wp\/v2\/pages"}],"about":[{"href":"https:\/\/schaller-werbeagentur.de\/svkniebis\/wp-json\/wp\/v2\/types\/page"}],"author":[{"embeddable":true,"href":"https:\/\/schaller-werbeagentur.de\/svkniebis\/wp-json\/wp\/v2\/users\/1"}],"replies":[{"embeddable":true,"href":"https:\/\/schaller-werbeagentur.de\/svkniebis\/wp-json\/wp\/v2\/comments?post=312"}],"version-history":[{"count":2,"href":"https:\/\/schaller-werbeagentur.de\/svkniebis\/wp-json\/wp\/v2\/pages\/312\/revisions"}],"predecessor-version":[{"id":3470,"href":"https:\/\/schaller-werbeagentur.de\/svkniebis\/wp-json\/wp\/v2\/pages\/312\/revisions\/3470"}],"up":[{"embeddable":true,"href":"https:\/\/schaller-werbeagentur.de\/svkniebis\/wp-json\/wp\/v2\/pages\/83"}],"wp:featuredmedia":[{"embeddable":true,"href":"https:\/\/schaller-werbeagentur.de\/svkniebis\/wp-json\/wp\/v2\/media\/314"}],"wp:attachment":[{"href":"https:\/\/schaller-werbeagentur.de\/svkniebis\/wp-json\/wp\/v2\/media?parent=312"}],"wp:term":[{"taxonomy":"category","embeddable":true,"href":"https:\/\/schaller-werbeagentur.de\/svkniebis\/wp-json\/wp\/v2\/categories?post=312"},{"taxonomy":"post_tag","embeddable":true,"href":"https:\/\/schaller-werbeagentur.de\/svkniebis\/wp-json\/wp\/v2\/tags?post=312"}],"curies":[{"name":"wp","href":"https:\/\/api.w.org\/{rel}","templated":true}]}}