{"id":3466,"date":"2024-01-17T17:31:38","date_gmt":"2024-01-17T16:31:38","guid":{"rendered":"https:\/\/schaller-werbeagentur.de\/svkniebis\/?page_id=3466"},"modified":"2024-01-17T17:40:46","modified_gmt":"2024-01-17T16:40:46","slug":"jugend-trainiert-fuer-olympia-bw-2024","status":"publish","type":"page","link":"https:\/\/schaller-werbeagentur.de\/svkniebis\/berichte\/jugend-trainiert-fuer-olympia-bw-2024\/","title":{"rendered":"Jugend trainiert f\u00fcr Olympia BW 2024"},"content":{"rendered":"\n<p>Am 16.01.2024 fand unter \u00e4u\u00dferst gl\u00fccklichen Umst\u00e4nden die Jugend-trainiert-f\u00fcr-Olympia-Veranstaltung auf dem Kniebis statt: P\u00fcnktlich einen Tag vorher setzte am Kniebis der Schneefall ein und sorgte so &#8211; zusammen mit den flei\u00dfigen Helfern unserer Beschneier &#8211; daf\u00fcr dass die gesamte Loipe im besten Zustand war. <\/p>\n\n\n\n<p>Gespickt mit zahlreichen Hindernissen begannen auf einem Parcours entlang des Stadions und der Bambinirunde die Grundschulen mit dem Wettkampf um die begehrten Podiumspl\u00e4tze. Durch Slalomstangen, \u00fcber Umsteigestation, einen kleinen Anstieg hinauf und hinab um dann schliesslich ins Ziel zu gelangen, setzte der Kniebis seine Hoffnung in 4 bestens vorbereitete Nachwuchs-Teams. <\/p>\n\n\n\n<h3 class=\"wp-block-heading\">Kniebis 3 in rosaroten Schneeanz\u00fcgen<\/h3>\n\n\n\n<p>4 rosa gekleidete Schneeanzug-tragende Erstkl\u00e4sslerinnen bezwangen ihre Heimstrecke als Erste mit der Kennzeichnung &#8222;Kniebis 3&#8220;; in Anmut und Eleganz errangen die 4 als j\u00fcngste Teilnehmerinnen Ruhm, Ehre und eine gro\u00dfe Tafel Schokolade. Elisa, Lina, Nala und Shina sorgten mit Ihrem Auftritt auch daf\u00fcr, dass der Spass in den verbissen gef\u00fchrten Wettk\u00e4mpfen auch mal kurz im Vordergrund stand. <\/p>\n\n\n\n<h3 class=\"wp-block-heading\">Kniebis 2 kann auch ein Starterwechsel nicht aus der Ruhe bringen<\/h3>\n\n\n\n<p>Das zweite Team der Grundschule Kniebis hatte einen kurzfristigen Starterausfall zu verkraften, so dass Robin &#8211; eine der gro\u00dfen Kniebiser Nachwuchshoffnungen aus Team 1 &#8211; dort aushalf und dem Team gemeinsam mit Romeo und Luca zu einem Platz ganz nah an den Top 10 verhalf. <\/p>\n\n\n\n<h3 class=\"wp-block-heading\">Die \u00fcblichen Verd\u00e4chtigen ganz oben: Kniebis 1<\/h3>\n\n\n\n<p>Wie immer in den letzten Jahren sorgten nun vor allem die Familien Dugersuren und Jekal f\u00fcr die Ergebnisse in den oberen Bereichen der Rangliste: Ben, Daniel und Lisa erk\u00e4mpften sich den starken 2ten Platz und schrammten nur knapp am Sieg vorbei um eine weitere Troph\u00e4e in ihre umfassende Erfolgssammlung einzureihen.<\/p>\n\n\n\n<h3 class=\"wp-block-heading\">Weiterf\u00fchrende Schulen<\/h3>\n\n\n\n<p>Nahtlos gingen die weiterf\u00fchrenden Schulen auf eine etwas weitere Strecke. Hier setzte der Kniebis im Wetkampf der 10 bis zu 15j\u00e4hrigen auf Grund des riesigen Altersunterschieds zur Konkurrenz nicht zu gro\u00dfe Hoffungen in das einizige Team des Kepler-Gymnasiums Freudenstadt mit Eric, Felix und Samuel. Die 3 erfolgsverw\u00f6hnten Top-Athleten konnten so ohne viel Erfolgsdruck ihren Wettkampf beginnen. Es stellte sich aber ganz schnell heraus, dass die j\u00fcngsten Teilnehmer hier ganz oben mitmischen k\u00f6nnen. Mit einem brutal starken zweiten Platz fuhren die 3 einen fantastischen Erfolg heraus.<\/p>\n\n\n\n<h4 class=\"wp-block-heading\">Und als Fazit?<\/h4>\n\n\n\n<p>Und so waren alle 4 Teams des Kniebis rund um zufrieden bei strahlendem Sonnenschein und nicht mehr ganz so klirrenden Temperaturen mit den teilweise ersten Rennen ihres Lebens. Weiter gehts \ud83d\ude42<\/p>\n\n\n\n<p>Vielen Dank an die Veranstalter des SV Baiersbronn!<\/p>\n","protected":false},"excerpt":{"rendered":"<p>Am 16.01.2024 fand unter \u00e4u\u00dferst gl\u00fccklichen Umst\u00e4nden die Jugend-trainiert-f\u00fcr-Olympia-Veranstaltung auf dem Kniebis statt: P\u00fcnktlich einen Tag vorher setzte am Kniebis der Schneefall ein und sorgte so &#8211; zusammen mit den flei\u00dfigen Helfern unserer [&hellip;]<\/p>\n","protected":false},"author":1,"featured_media":0,"parent":70,"menu_order":0,"comment_status":"closed","ping_status":"closed","template":"","meta":{"footnotes":""},"categories":[],"tags":[3,6],"class_list":["post-3466","page","type-page","status-publish","hentry","tag-bericht","tag-langlauf"],"_links":{"self":[{"href":"https:\/\/schaller-werbeagentur.de\/svkniebis\/wp-json\/wp\/v2\/pages\/3466","targetHints":{"allow":["GET"]}}],"collection":[{"href":"https:\/\/schaller-werbeagentur.de\/svkniebis\/wp-json\/wp\/v2\/pages"}],"about":[{"href":"https:\/\/schaller-werbeagentur.de\/svkniebis\/wp-json\/wp\/v2\/types\/page"}],"author":[{"embeddable":true,"href":"https:\/\/schaller-werbeagentur.de\/svkniebis\/wp-json\/wp\/v2\/users\/1"}],"replies":[{"embeddable":true,"href":"https:\/\/schaller-werbeagentur.de\/svkniebis\/wp-json\/wp\/v2\/comments?post=3466"}],"version-history":[{"count":2,"href":"https:\/\/schaller-werbeagentur.de\/svkniebis\/wp-json\/wp\/v2\/pages\/3466\/revisions"}],"predecessor-version":[{"id":3469,"href":"https:\/\/schaller-werbeagentur.de\/svkniebis\/wp-json\/wp\/v2\/pages\/3466\/revisions\/3469"}],"up":[{"embeddable":true,"href":"https:\/\/schaller-werbeagentur.de\/svkniebis\/wp-json\/wp\/v2\/pages\/70"}],"wp:attachment":[{"href":"https:\/\/schaller-werbeagentur.de\/svkniebis\/wp-json\/wp\/v2\/media?parent=3466"}],"wp:term":[{"taxonomy":"category","embeddable":true,"href":"https:\/\/schaller-werbeagentur.de\/svkniebis\/wp-json\/wp\/v2\/categories?post=3466"},{"taxonomy":"post_tag","embeddable":true,"href":"https:\/\/schaller-werbeagentur.de\/svkniebis\/wp-json\/wp\/v2\/tags?post=3466"}],"curies":[{"name":"wp","href":"https:\/\/api.w.org\/{rel}","templated":true}]}}