{"id":3590,"date":"2024-12-12T14:43:55","date_gmt":"2024-12-12T13:43:55","guid":{"rendered":"https:\/\/schaller-werbeagentur.de\/svkniebis\/veranstaltungen\/vr-talentiade-sc-seebach-4\/"},"modified":"2025-01-22T17:15:16","modified_gmt":"2025-01-22T16:15:16","slug":"vr-talentiade-sc-seebach-4","status":"publish","type":"page","link":"https:\/\/schaller-werbeagentur.de\/svkniebis\/veranstaltungen\/vr-talentiade-sc-seebach-4\/","title":{"rendered":"(Beendet) Jugend trainiert f\u00fcr Olympia BW"},"content":{"rendered":"","protected":false},"excerpt":{"rendered":"<p>ab 14:30 Uhr Jugend trainiert f\u00fcr Olympia BW weiterf\u00fchrende Schulen <\/p>\n","protected":false},"author":1,"featured_media":227,"parent":66,"menu_order":0,"comment_status":"closed","ping_status":"closed","template":"event.php","meta":{"footnotes":""},"categories":[],"tags":[6],"class_list":["post-3590","page","type-page","status-publish","has-post-thumbnail","hentry","tag-langlauf"],"_links":{"self":[{"href":"https:\/\/schaller-werbeagentur.de\/svkniebis\/wp-json\/wp\/v2\/pages\/3590","targetHints":{"allow":["GET"]}}],"collection":[{"href":"https:\/\/schaller-werbeagentur.de\/svkniebis\/wp-json\/wp\/v2\/pages"}],"about":[{"href":"https:\/\/schaller-werbeagentur.de\/svkniebis\/wp-json\/wp\/v2\/types\/page"}],"author":[{"embeddable":true,"href":"https:\/\/schaller-werbeagentur.de\/svkniebis\/wp-json\/wp\/v2\/users\/1"}],"replies":[{"embeddable":true,"href":"https:\/\/schaller-werbeagentur.de\/svkniebis\/wp-json\/wp\/v2\/comments?post=3590"}],"version-history":[{"count":2,"href":"https:\/\/schaller-werbeagentur.de\/svkniebis\/wp-json\/wp\/v2\/pages\/3590\/revisions"}],"predecessor-version":[{"id":3850,"href":"https:\/\/schaller-werbeagentur.de\/svkniebis\/wp-json\/wp\/v2\/pages\/3590\/revisions\/3850"}],"up":[{"embeddable":true,"href":"https:\/\/schaller-werbeagentur.de\/svkniebis\/wp-json\/wp\/v2\/pages\/66"}],"wp:featuredmedia":[{"embeddable":true,"href":"https:\/\/schaller-werbeagentur.de\/svkniebis\/wp-json\/wp\/v2\/media\/227"}],"wp:attachment":[{"href":"https:\/\/schaller-werbeagentur.de\/svkniebis\/wp-json\/wp\/v2\/media?parent=3590"}],"wp:term":[{"taxonomy":"category","embeddable":true,"href":"https:\/\/schaller-werbeagentur.de\/svkniebis\/wp-json\/wp\/v2\/categories?post=3590"},{"taxonomy":"post_tag","embeddable":true,"href":"https:\/\/schaller-werbeagentur.de\/svkniebis\/wp-json\/wp\/v2\/tags?post=3590"}],"curies":[{"name":"wp","href":"https:\/\/api.w.org\/{rel}","templated":true}]}}