{"id":56,"date":"2020-01-02T17:12:31","date_gmt":"2020-01-02T16:12:31","guid":{"rendered":"http:\/\/schaller-werbeagentur.de\/svkniebis\/?page_id=56"},"modified":"2021-02-11T11:47:59","modified_gmt":"2021-02-11T10:47:59","slug":"nachtloipe","status":"publish","type":"page","link":"https:\/\/schaller-werbeagentur.de\/svkniebis\/loipen\/nachtloipe\/","title":{"rendered":"Loipen rund um den Kniebis"},"content":{"rendered":"\n<h3 class=\"wp-block-heading\">Nachtloipe<\/h3>\n\n\n\n<p>Rotes Schild \/ Skating + Klassik \/ Distanz: 2,4 km \/ H\u00f6henmeter: 44 m<\/p>\n\n\n\n<figure class=\"wp-block-gallery columns-3 is-cropped wp-block-gallery-1 is-layout-flex wp-block-gallery-is-layout-flex\"><ul class=\"blocks-gallery-grid\"><li class=\"blocks-gallery-item\"><figure><a href=\"http:\/\/schaller-werbeagentur.de\/svkniebis\/wp-content\/uploads\/2020\/10\/ingfhfdsfsdex.jpg\"><img loading=\"lazy\" decoding=\"async\" width=\"800\" height=\"533\" src=\"http:\/\/schaller-werbeagentur.de\/svkniebis\/wp-content\/uploads\/2020\/10\/ingfhfdsfsdex.jpg\" alt=\"\" data-id=\"295\" data-full-url=\"http:\/\/schaller-werbeagentur.de\/svkniebis\/wp-content\/uploads\/2020\/10\/ingfhfdsfsdex.jpg\" data-link=\"http:\/\/schaller-werbeagentur.de\/svkniebis\/loipen\/nachtloipe\/ingfhfdsfsdex\/\" class=\"wp-image-295\" srcset=\"https:\/\/schaller-werbeagentur.de\/svkniebis\/wp-content\/uploads\/2020\/10\/ingfhfdsfsdex.jpg 800w, https:\/\/schaller-werbeagentur.de\/svkniebis\/wp-content\/uploads\/2020\/10\/ingfhfdsfsdex-300x200.jpg 300w, https:\/\/schaller-werbeagentur.de\/svkniebis\/wp-content\/uploads\/2020\/10\/ingfhfdsfsdex-768x512.jpg 768w\" sizes=\"auto, (max-width: 800px) 100vw, 800px\" \/><\/a><\/figure><\/li><li class=\"blocks-gallery-item\"><figure><a href=\"http:\/\/schaller-werbeagentur.de\/svkniebis\/wp-content\/uploads\/2020\/10\/infghfjdex.jpg\"><img loading=\"lazy\" decoding=\"async\" width=\"1000\" height=\"666\" src=\"http:\/\/schaller-werbeagentur.de\/svkniebis\/wp-content\/uploads\/2020\/10\/infghfjdex.jpg\" alt=\"\" data-id=\"296\" data-full-url=\"http:\/\/schaller-werbeagentur.de\/svkniebis\/wp-content\/uploads\/2020\/10\/infghfjdex.jpg\" data-link=\"http:\/\/schaller-werbeagentur.de\/svkniebis\/loipen\/nachtloipe\/infghfjdex\/\" class=\"wp-image-296\" srcset=\"https:\/\/schaller-werbeagentur.de\/svkniebis\/wp-content\/uploads\/2020\/10\/infghfjdex.jpg 1000w, https:\/\/schaller-werbeagentur.de\/svkniebis\/wp-content\/uploads\/2020\/10\/infghfjdex-300x200.jpg 300w, https:\/\/schaller-werbeagentur.de\/svkniebis\/wp-content\/uploads\/2020\/10\/infghfjdex-768x511.jpg 768w\" sizes=\"auto, (max-width: 1000px) 100vw, 1000px\" \/><\/a><\/figure><\/li><li class=\"blocks-gallery-item\"><figure><a href=\"http:\/\/schaller-werbeagentur.de\/svkniebis\/wp-content\/uploads\/2020\/10\/indefhdfhdrsex.jpg\"><img loading=\"lazy\" decoding=\"async\" width=\"1000\" height=\"666\" src=\"http:\/\/schaller-werbeagentur.de\/svkniebis\/wp-content\/uploads\/2020\/10\/indefhdfhdrsex.jpg\" alt=\"\" data-id=\"297\" data-full-url=\"http:\/\/schaller-werbeagentur.de\/svkniebis\/wp-content\/uploads\/2020\/10\/indefhdfhdrsex.jpg\" data-link=\"http:\/\/schaller-werbeagentur.de\/svkniebis\/loipen\/nachtloipe\/indefhdfhdrsex\/\" class=\"wp-image-297\" srcset=\"https:\/\/schaller-werbeagentur.de\/svkniebis\/wp-content\/uploads\/2020\/10\/indefhdfhdrsex.jpg 1000w, https:\/\/schaller-werbeagentur.de\/svkniebis\/wp-content\/uploads\/2020\/10\/indefhdfhdrsex-300x200.jpg 300w, https:\/\/schaller-werbeagentur.de\/svkniebis\/wp-content\/uploads\/2020\/10\/indefhdfhdrsex-768x511.jpg 768w\" sizes=\"auto, (max-width: 1000px) 100vw, 1000px\" \/><\/a><\/figure><\/li><li class=\"blocks-gallery-item\"><figure><a href=\"http:\/\/schaller-werbeagentur.de\/svkniebis\/wp-content\/uploads\/2020\/10\/indfgfhthdex.jpg\"><img loading=\"lazy\" decoding=\"async\" width=\"1000\" height=\"666\" src=\"http:\/\/schaller-werbeagentur.de\/svkniebis\/wp-content\/uploads\/2020\/10\/indfgfhthdex.jpg\" alt=\"\" data-id=\"298\" data-full-url=\"http:\/\/schaller-werbeagentur.de\/svkniebis\/wp-content\/uploads\/2020\/10\/indfgfhthdex.jpg\" data-link=\"http:\/\/schaller-werbeagentur.de\/svkniebis\/loipen\/nachtloipe\/indfgfhthdex\/\" class=\"wp-image-298\" srcset=\"https:\/\/schaller-werbeagentur.de\/svkniebis\/wp-content\/uploads\/2020\/10\/indfgfhthdex.jpg 1000w, https:\/\/schaller-werbeagentur.de\/svkniebis\/wp-content\/uploads\/2020\/10\/indfgfhthdex-300x200.jpg 300w, https:\/\/schaller-werbeagentur.de\/svkniebis\/wp-content\/uploads\/2020\/10\/indfgfhthdex-768x511.jpg 768w\" sizes=\"auto, (max-width: 1000px) 100vw, 1000px\" \/><\/a><\/figure><\/li><li class=\"blocks-gallery-item\"><figure><a href=\"http:\/\/schaller-werbeagentur.de\/svkniebis\/wp-content\/uploads\/2020\/10\/inddfgfdghex.jpg\"><img loading=\"lazy\" decoding=\"async\" width=\"1000\" height=\"666\" src=\"http:\/\/schaller-werbeagentur.de\/svkniebis\/wp-content\/uploads\/2020\/10\/inddfgfdghex.jpg\" alt=\"\" data-id=\"299\" data-full-url=\"http:\/\/schaller-werbeagentur.de\/svkniebis\/wp-content\/uploads\/2020\/10\/inddfgfdghex.jpg\" data-link=\"http:\/\/schaller-werbeagentur.de\/svkniebis\/loipen\/nachtloipe\/inddfgfdghex\/\" class=\"wp-image-299\" srcset=\"https:\/\/schaller-werbeagentur.de\/svkniebis\/wp-content\/uploads\/2020\/10\/inddfgfdghex.jpg 1000w, https:\/\/schaller-werbeagentur.de\/svkniebis\/wp-content\/uploads\/2020\/10\/inddfgfdghex-300x200.jpg 300w, https:\/\/schaller-werbeagentur.de\/svkniebis\/wp-content\/uploads\/2020\/10\/inddfgfdghex-768x511.jpg 768w\" sizes=\"auto, (max-width: 1000px) 100vw, 1000px\" \/><\/a><\/figure><\/li><li class=\"blocks-gallery-item\"><figure><a href=\"http:\/\/schaller-werbeagentur.de\/svkniebis\/wp-content\/uploads\/2020\/10\/infghgfdex.jpg\"><img loading=\"lazy\" decoding=\"async\" width=\"1000\" height=\"666\" src=\"http:\/\/schaller-werbeagentur.de\/svkniebis\/wp-content\/uploads\/2020\/10\/infghgfdex.jpg\" alt=\"\" data-id=\"300\" data-full-url=\"http:\/\/schaller-werbeagentur.de\/svkniebis\/wp-content\/uploads\/2020\/10\/infghgfdex.jpg\" data-link=\"http:\/\/schaller-werbeagentur.de\/svkniebis\/loipen\/nachtloipe\/infghgfdex\/\" class=\"wp-image-300\" srcset=\"https:\/\/schaller-werbeagentur.de\/svkniebis\/wp-content\/uploads\/2020\/10\/infghgfdex.jpg 1000w, https:\/\/schaller-werbeagentur.de\/svkniebis\/wp-content\/uploads\/2020\/10\/infghgfdex-300x200.jpg 300w, https:\/\/schaller-werbeagentur.de\/svkniebis\/wp-content\/uploads\/2020\/10\/infghgfdex-768x511.jpg 768w\" sizes=\"auto, (max-width: 1000px) 100vw, 1000px\" \/><\/a><\/figure><\/li><li class=\"blocks-gallery-item\"><figure><a href=\"http:\/\/schaller-werbeagentur.de\/svkniebis\/wp-content\/uploads\/2020\/10\/infdgddex.jpg\"><img loading=\"lazy\" decoding=\"async\" width=\"1000\" height=\"666\" src=\"http:\/\/schaller-werbeagentur.de\/svkniebis\/wp-content\/uploads\/2020\/10\/infdgddex.jpg\" alt=\"\" data-id=\"301\" data-full-url=\"http:\/\/schaller-werbeagentur.de\/svkniebis\/wp-content\/uploads\/2020\/10\/infdgddex.jpg\" data-link=\"http:\/\/schaller-werbeagentur.de\/svkniebis\/loipen\/nachtloipe\/infdgddex\/\" class=\"wp-image-301\" srcset=\"https:\/\/schaller-werbeagentur.de\/svkniebis\/wp-content\/uploads\/2020\/10\/infdgddex.jpg 1000w, https:\/\/schaller-werbeagentur.de\/svkniebis\/wp-content\/uploads\/2020\/10\/infdgddex-300x200.jpg 300w, https:\/\/schaller-werbeagentur.de\/svkniebis\/wp-content\/uploads\/2020\/10\/infdgddex-768x511.jpg 768w\" sizes=\"auto, (max-width: 1000px) 100vw, 1000px\" \/><\/a><\/figure><\/li><li class=\"blocks-gallery-item\"><figure><a href=\"http:\/\/schaller-werbeagentur.de\/svkniebis\/wp-content\/uploads\/2020\/10\/indedfgfdx.jpg\"><img loading=\"lazy\" decoding=\"async\" width=\"1000\" height=\"666\" src=\"http:\/\/schaller-werbeagentur.de\/svkniebis\/wp-content\/uploads\/2020\/10\/indedfgfdx.jpg\" alt=\"\" data-id=\"302\" data-full-url=\"http:\/\/schaller-werbeagentur.de\/svkniebis\/wp-content\/uploads\/2020\/10\/indedfgfdx.jpg\" data-link=\"http:\/\/schaller-werbeagentur.de\/svkniebis\/loipen\/nachtloipe\/indedfgfdx\/\" class=\"wp-image-302\" srcset=\"https:\/\/schaller-werbeagentur.de\/svkniebis\/wp-content\/uploads\/2020\/10\/indedfgfdx.jpg 1000w, https:\/\/schaller-werbeagentur.de\/svkniebis\/wp-content\/uploads\/2020\/10\/indedfgfdx-300x200.jpg 300w, https:\/\/schaller-werbeagentur.de\/svkniebis\/wp-content\/uploads\/2020\/10\/indedfgfdx-768x511.jpg 768w\" sizes=\"auto, (max-width: 1000px) 100vw, 1000px\" \/><\/a><\/figure><\/li><li class=\"blocks-gallery-item\"><figure><a href=\"http:\/\/schaller-werbeagentur.de\/svkniebis\/wp-content\/uploads\/2020\/10\/indsfdex.jpg\"><img loading=\"lazy\" decoding=\"async\" width=\"1000\" height=\"666\" src=\"http:\/\/schaller-werbeagentur.de\/svkniebis\/wp-content\/uploads\/2020\/10\/indsfdex.jpg\" alt=\"\" data-id=\"303\" data-full-url=\"http:\/\/schaller-werbeagentur.de\/svkniebis\/wp-content\/uploads\/2020\/10\/indsfdex.jpg\" data-link=\"http:\/\/schaller-werbeagentur.de\/svkniebis\/loipen\/nachtloipe\/indsfdex\/\" class=\"wp-image-303\" srcset=\"https:\/\/schaller-werbeagentur.de\/svkniebis\/wp-content\/uploads\/2020\/10\/indsfdex.jpg 1000w, https:\/\/schaller-werbeagentur.de\/svkniebis\/wp-content\/uploads\/2020\/10\/indsfdex-300x200.jpg 300w, https:\/\/schaller-werbeagentur.de\/svkniebis\/wp-content\/uploads\/2020\/10\/indsfdex-768x511.jpg 768w\" sizes=\"auto, (max-width: 1000px) 100vw, 1000px\" \/><\/a><\/figure><\/li><li class=\"blocks-gallery-item\"><figure><a href=\"http:\/\/schaller-werbeagentur.de\/svkniebis\/wp-content\/uploads\/2020\/10\/indfdex.jpg\"><img loading=\"lazy\" decoding=\"async\" width=\"1000\" height=\"666\" src=\"http:\/\/schaller-werbeagentur.de\/svkniebis\/wp-content\/uploads\/2020\/10\/indfdex.jpg\" alt=\"\" data-id=\"304\" data-full-url=\"http:\/\/schaller-werbeagentur.de\/svkniebis\/wp-content\/uploads\/2020\/10\/indfdex.jpg\" data-link=\"http:\/\/schaller-werbeagentur.de\/svkniebis\/loipen\/nachtloipe\/indfdex\/\" class=\"wp-image-304\" srcset=\"https:\/\/schaller-werbeagentur.de\/svkniebis\/wp-content\/uploads\/2020\/10\/indfdex.jpg 1000w, https:\/\/schaller-werbeagentur.de\/svkniebis\/wp-content\/uploads\/2020\/10\/indfdex-300x200.jpg 300w, https:\/\/schaller-werbeagentur.de\/svkniebis\/wp-content\/uploads\/2020\/10\/indfdex-768x511.jpg 768w\" sizes=\"auto, (max-width: 1000px) 100vw, 1000px\" \/><\/a><\/figure><\/li><li class=\"blocks-gallery-item\"><figure><a href=\"http:\/\/schaller-werbeagentur.de\/svkniebis\/wp-content\/uploads\/2020\/10\/indvfdex.jpg\"><img loading=\"lazy\" decoding=\"async\" width=\"1000\" height=\"666\" src=\"http:\/\/schaller-werbeagentur.de\/svkniebis\/wp-content\/uploads\/2020\/10\/indvfdex.jpg\" alt=\"\" data-id=\"305\" data-full-url=\"http:\/\/schaller-werbeagentur.de\/svkniebis\/wp-content\/uploads\/2020\/10\/indvfdex.jpg\" data-link=\"http:\/\/schaller-werbeagentur.de\/svkniebis\/loipen\/nachtloipe\/indvfdex\/\" class=\"wp-image-305\" srcset=\"https:\/\/schaller-werbeagentur.de\/svkniebis\/wp-content\/uploads\/2020\/10\/indvfdex.jpg 1000w, https:\/\/schaller-werbeagentur.de\/svkniebis\/wp-content\/uploads\/2020\/10\/indvfdex-300x200.jpg 300w, https:\/\/schaller-werbeagentur.de\/svkniebis\/wp-content\/uploads\/2020\/10\/indvfdex-768x511.jpg 768w\" sizes=\"auto, (max-width: 1000px) 100vw, 1000px\" \/><\/a><\/figure><\/li><li class=\"blocks-gallery-item\"><figure><a href=\"http:\/\/schaller-werbeagentur.de\/svkniebis\/wp-content\/uploads\/2020\/10\/sdfindex.jpg\"><img loading=\"lazy\" decoding=\"async\" width=\"1000\" height=\"666\" src=\"http:\/\/schaller-werbeagentur.de\/svkniebis\/wp-content\/uploads\/2020\/10\/sdfindex.jpg\" alt=\"\" data-id=\"306\" data-full-url=\"http:\/\/schaller-werbeagentur.de\/svkniebis\/wp-content\/uploads\/2020\/10\/sdfindex.jpg\" data-link=\"http:\/\/schaller-werbeagentur.de\/svkniebis\/loipen\/nachtloipe\/sdfindex\/\" class=\"wp-image-306\" srcset=\"https:\/\/schaller-werbeagentur.de\/svkniebis\/wp-content\/uploads\/2020\/10\/sdfindex.jpg 1000w, https:\/\/schaller-werbeagentur.de\/svkniebis\/wp-content\/uploads\/2020\/10\/sdfindex-300x200.jpg 300w, https:\/\/schaller-werbeagentur.de\/svkniebis\/wp-content\/uploads\/2020\/10\/sdfindex-768x511.jpg 768w\" sizes=\"auto, (max-width: 1000px) 100vw, 1000px\" \/><\/a><\/figure><\/li><li class=\"blocks-gallery-item\"><figure><a href=\"http:\/\/schaller-werbeagentur.de\/svkniebis\/wp-content\/uploads\/2020\/10\/inedex.jpg\"><img loading=\"lazy\" decoding=\"async\" width=\"1000\" height=\"666\" src=\"http:\/\/schaller-werbeagentur.de\/svkniebis\/wp-content\/uploads\/2020\/10\/inedex.jpg\" alt=\"\" data-id=\"307\" data-full-url=\"http:\/\/schaller-werbeagentur.de\/svkniebis\/wp-content\/uploads\/2020\/10\/inedex.jpg\" data-link=\"http:\/\/schaller-werbeagentur.de\/svkniebis\/loipen\/nachtloipe\/inedex\/\" class=\"wp-image-307\" srcset=\"https:\/\/schaller-werbeagentur.de\/svkniebis\/wp-content\/uploads\/2020\/10\/inedex.jpg 1000w, https:\/\/schaller-werbeagentur.de\/svkniebis\/wp-content\/uploads\/2020\/10\/inedex-300x200.jpg 300w, https:\/\/schaller-werbeagentur.de\/svkniebis\/wp-content\/uploads\/2020\/10\/inedex-768x511.jpg 768w\" sizes=\"auto, (max-width: 1000px) 100vw, 1000px\" \/><\/a><\/figure><\/li><li class=\"blocks-gallery-item\"><figure><a href=\"http:\/\/schaller-werbeagentur.de\/svkniebis\/wp-content\/uploads\/2020\/10\/windex-scaled.jpg\"><img loading=\"lazy\" decoding=\"async\" width=\"1024\" height=\"768\" src=\"http:\/\/schaller-werbeagentur.de\/svkniebis\/wp-content\/uploads\/2020\/10\/windex-1024x768.jpg\" alt=\"\" data-id=\"308\" data-full-url=\"http:\/\/schaller-werbeagentur.de\/svkniebis\/wp-content\/uploads\/2020\/10\/windex-scaled.jpg\" data-link=\"http:\/\/schaller-werbeagentur.de\/svkniebis\/loipen\/nachtloipe\/windex\/\" class=\"wp-image-308\" srcset=\"https:\/\/schaller-werbeagentur.de\/svkniebis\/wp-content\/uploads\/2020\/10\/windex-1024x768.jpg 1024w, https:\/\/schaller-werbeagentur.de\/svkniebis\/wp-content\/uploads\/2020\/10\/windex-300x225.jpg 300w, https:\/\/schaller-werbeagentur.de\/svkniebis\/wp-content\/uploads\/2020\/10\/windex-768x576.jpg 768w, https:\/\/schaller-werbeagentur.de\/svkniebis\/wp-content\/uploads\/2020\/10\/windex-1536x1152.jpg 1536w, https:\/\/schaller-werbeagentur.de\/svkniebis\/wp-content\/uploads\/2020\/10\/windex-2048x1536.jpg 2048w\" sizes=\"auto, (max-width: 1024px) 100vw, 1024px\" \/><\/a><\/figure><\/li><li class=\"blocks-gallery-item\"><figure><a href=\"http:\/\/schaller-werbeagentur.de\/svkniebis\/wp-content\/uploads\/2020\/10\/index-scaled.jpg\"><img loading=\"lazy\" decoding=\"async\" width=\"1024\" height=\"768\" src=\"http:\/\/schaller-werbeagentur.de\/svkniebis\/wp-content\/uploads\/2020\/10\/index-1024x768.jpg\" alt=\"\" data-id=\"309\" data-full-url=\"http:\/\/schaller-werbeagentur.de\/svkniebis\/wp-content\/uploads\/2020\/10\/index-scaled.jpg\" data-link=\"http:\/\/schaller-werbeagentur.de\/svkniebis\/loipen\/nachtloipe\/index\/\" class=\"wp-image-309\" srcset=\"https:\/\/schaller-werbeagentur.de\/svkniebis\/wp-content\/uploads\/2020\/10\/index-1024x768.jpg 1024w, https:\/\/schaller-werbeagentur.de\/svkniebis\/wp-content\/uploads\/2020\/10\/index-300x225.jpg 300w, https:\/\/schaller-werbeagentur.de\/svkniebis\/wp-content\/uploads\/2020\/10\/index-768x576.jpg 768w, https:\/\/schaller-werbeagentur.de\/svkniebis\/wp-content\/uploads\/2020\/10\/index-1536x1152.jpg 1536w, https:\/\/schaller-werbeagentur.de\/svkniebis\/wp-content\/uploads\/2020\/10\/index-2048x1536.jpg 2048w\" sizes=\"auto, (max-width: 1024px) 100vw, 1024px\" \/><\/a><\/figure><\/li><\/ul><figcaption class=\"blocks-gallery-caption\">EIn klassischer Bilderbuchwinter auf dem Kniebis<\/figcaption><\/figure>\n\n\n\n<h3 class=\"wp-block-heading\">Abendwies-Spur<\/h3>\n\n\n\n<p>Schwarzes Schild \/ Klassik \/ Distanz: 13,7 km \/ H\u00f6henmeter: 138 m<\/p>\n\n\n\n<h3 class=\"wp-block-heading\">Kniebis-Lauferbrunnen-Spur<\/h3>\n\n\n\n<p>Schwarzes Schild \/ Skating + Klassik \/ Distanz: 10,7 km \/ H\u00f6henmeter: 121 m<\/p>\n\n\n\n<h3 class=\"wp-block-heading\">Trainingsloipe<\/h3>\n\n\n\n<p>Blaues Schild \/ Skating + Klassik \/ Distanz: 1,3 km \/ H\u00f6henmeter: 21 m<\/p>\n\n\n\n<h3 class=\"wp-block-heading\">Kiddy-Runde<\/h3>\n\n\n\n<p>Blaues Schild \/ Skating + Klassik \/ Distanz: 0,7 km \/ H\u00f6henmeter: 10 m<\/p>\n\n\n\n<h3 class=\"wp-block-heading\">6er Spur<\/h3>\n\n\n\n<p>Rotes Schild \/ Distanz: 4,2 km \/ H\u00f6henmeter: 44 m<\/p>\n\n\n\n<h3 class=\"wp-block-heading\">Kniebis-Spur<\/h3>\n\n\n\n<p>Schwarzes Schild \/ Skating + Klassik \/ Distanz: 7,6 km \/ H\u00f6henmeter: 54 m<\/p>\n\n\n\n<h3 class=\"wp-block-heading\">Kohlwaldrunde<\/h3>\n\n\n\n<p>Rotes Schild \/ Skating + Klassik \/ Distanz: 2,5 km \/ H\u00f6henmeter: 44 m<\/p>\n\n\n\n<p>Einen \u00dcberblick \u00fcber alle Loipen rund um den Kniebis von Freudenstadt bis nach Unterstmatt finden Sie auf den Seiten des <a rel=\"noreferrer noopener\" href=\"https:\/\/www.loipenportal.de\/nordschwarzwald\" target=\"_blank\">Loipenportals<\/a> oder als Karte hier:<\/p>\n\n\n\n<div class=\"wp-block-file\"><a href=\"http:\/\/schaller-werbeagentur.de\/svkniebis\/wp-content\/uploads\/2020\/12\/nordic.pdf\" target=\"_blank\" rel=\"noreferrer noopener\">Loipenplan als pdf<\/a><\/div>\n","protected":false},"excerpt":{"rendered":"<p>Die 2,4 km lange Nachtloipe ist das Herzst\u00fcck des Nordschwarzw\u00e4lder Loipennetzes. Flutlicht, Beschneiungsanlagen und die schneesichere Lage knapp unter 1.000 m machen sie zum perfekten Ausgangs- und Endpunkt zahlreicher Touren. Dar\u00fcber hinaus finden Sie unz\u00e4hlige Loipen mit unterschiedlichsten Anspr\u00fcchen rund um unser Skistadion.<\/p>\n","protected":false},"author":1,"featured_media":302,"parent":72,"menu_order":0,"comment_status":"closed","ping_status":"closed","template":"","meta":{"footnotes":""},"categories":[],"tags":[6,10],"class_list":["post-56","page","type-page","status-publish","has-post-thumbnail","hentry","tag-langlauf","tag-loipe"],"_links":{"self":[{"href":"https:\/\/schaller-werbeagentur.de\/svkniebis\/wp-json\/wp\/v2\/pages\/56","targetHints":{"allow":["GET"]}}],"collection":[{"href":"https:\/\/schaller-werbeagentur.de\/svkniebis\/wp-json\/wp\/v2\/pages"}],"about":[{"href":"https:\/\/schaller-werbeagentur.de\/svkniebis\/wp-json\/wp\/v2\/types\/page"}],"author":[{"embeddable":true,"href":"https:\/\/schaller-werbeagentur.de\/svkniebis\/wp-json\/wp\/v2\/users\/1"}],"replies":[{"embeddable":true,"href":"https:\/\/schaller-werbeagentur.de\/svkniebis\/wp-json\/wp\/v2\/comments?post=56"}],"version-history":[{"count":14,"href":"https:\/\/schaller-werbeagentur.de\/svkniebis\/wp-json\/wp\/v2\/pages\/56\/revisions"}],"predecessor-version":[{"id":638,"href":"https:\/\/schaller-werbeagentur.de\/svkniebis\/wp-json\/wp\/v2\/pages\/56\/revisions\/638"}],"up":[{"embeddable":true,"href":"https:\/\/schaller-werbeagentur.de\/svkniebis\/wp-json\/wp\/v2\/pages\/72"}],"wp:featuredmedia":[{"embeddable":true,"href":"https:\/\/schaller-werbeagentur.de\/svkniebis\/wp-json\/wp\/v2\/media\/302"}],"wp:attachment":[{"href":"https:\/\/schaller-werbeagentur.de\/svkniebis\/wp-json\/wp\/v2\/media?parent=56"}],"wp:term":[{"taxonomy":"category","embeddable":true,"href":"https:\/\/schaller-werbeagentur.de\/svkniebis\/wp-json\/wp\/v2\/categories?post=56"},{"taxonomy":"post_tag","embeddable":true,"href":"https:\/\/schaller-werbeagentur.de\/svkniebis\/wp-json\/wp\/v2\/tags?post=56"}],"curies":[{"name":"wp","href":"https:\/\/api.w.org\/{rel}","templated":true}]}}