{"id":573,"date":"2021-01-04T16:31:55","date_gmt":"2021-01-04T15:31:55","guid":{"rendered":"https:\/\/schaller-werbeagentur.de\/svkniebis\/?page_id=573"},"modified":"2021-02-10T12:07:06","modified_gmt":"2021-02-10T11:07:06","slug":"partner","status":"publish","type":"page","link":"https:\/\/schaller-werbeagentur.de\/svkniebis\/verein\/partner\/","title":{"rendered":"Partner"},"content":{"rendered":"\n<h4 class=\"wp-block-heading\">Loipenf\u00f6rderverein<\/h4>\n\n\n\n<p>Die Stadt Freudenstadt unterh\u00e4lt derzeit mit zwei eigenen Pistenbullys, zwei st\u00e4dtischen Fahrern und einem Einsatzleiter rund um Freudenstadt und Kniebis \u00fcber 100 Loipenkilometer. Somit investiert die Stadt Freudenstadt jedes Jahr gro\u00dfe Summen in unsere Loipen!<\/p>\n\n\n\n<p>Neben der Stadt Freudenstadt tr\u00e4gt der SV- SZ Kniebis in hohem Ma\u00dfe zur Unterhaltung der wichtigsten Loipe des DSV Nordic Aktiv Zentrums Kniebis bei: der Skiverein k\u00fcmmert sich um die technische Beschneiung der beleuchteten Nachtloipe sowie um die Pflege und Unterhaltung der Skirollerstrecke im Sommer.<\/p>\n\n\n\n<p>Ziel unseres F\u00f6rdervereines ist die finanzielle Unterst\u00fctzung der genannten Akteure, die f\u00fcr das hervorragende Loipennetz rund um Freudenstadt und Kniebis verantwortlich sind. Mit den Mitgliedsbeitr\u00e4gen und Sponsorengeldern wird die Loipenpflege, der Ausbau und die Unterhaltung der Loipen finanziell unterst\u00fctzt.<br>Wir setzen uns f\u00fcr die Erhaltung und Weiterentwicklung der Loipen im Kontakt mit den umliegenden Gemeinden und Verb\u00e4nden ein und pflegen die Zusammenarbeit mit den Organisationen des Skisports.<\/p>\n\n\n\n<p>Mehr Informationen unter <a rel=\"noreferrer noopener\" href=\"https:\/\/fds-loipen.de\/verein_m.html#verein\" target=\"_blank\">https:\/\/fds-loipen.de\/verein_m.html#verein<\/a><\/p>\n\n\n\n<h4 class=\"wp-block-heading\" id=\"sponsoren\">Sponsoren<\/h4>\n\n\n\n<p>Der Betrieb der Kniebiser Loipen ist zu einem ganz wesentlichen Teil dem teilweise jahrzehntelangen Engagement unserer vielf\u00e4ltigen Sponsoren geschuldet. Ohne diese k\u00f6nnte und kann der Langlaufsport in unserer Region nicht in der jetzigen Form stattfinden. Ganz herzlichen Dank f\u00fcr das Engagement an:<\/p>\n\n\n\n<p>Sport Faisst, Mitteltal<br>Sport Klumpp, Baiersbronn<br>Sport Frey, Klosterreichenbach<br>Stadtwerke B\u00e4derbetrieb, Freudenstadt<br>Stadtwerke Freudenstadt, Freudenstadt<br>Freudenstadt Tourismus, Freudenstadt<br>J. Schmalz GmbH, Glatten<br>Alpirsbacher Klosterbr\u00e4u, Alpirsbach<br>Peterstaler Mineralquellen, Bad Peterstal<br>Baiersbronn Touristik, Baiersbronn<br>Daum Meisterbetrieb, Baiersbronn<br>LRA Freudenstadt, Freudenstadt<br>K\u00e4stle GmbH, Hohenems (AT)<br>siriro, Neuhof<br>bauschal jekal GmbH, Kniebis<br>Intersport Glaser, Freudenstadt<br>Claudius Schmiederer, Bad Peterstal<br>IT+S, Freudenstadt<br>Volksbank Baierbronn, Baiersbronn<br>Franz Waltersbacher GmbH, Baiersbronn<br>Rossignol Ski Deutschland GmbH, M\u00fcnchen<br>Oest Tankstellen GmbH, Freudenstadt<br>Mafac GmbH, Alpirsbach<br>Holmenkol GmbH, Ludwigsburg<br>Hauser Reisen GmbH, Kniebis<br>Hotel Kniebish\u00f6he, Kniebis<br>Kniebish\u00fctte (Familie Fahrner), Kniebis<br>Hotel Cafe G\u00fcnter, Kniebis<br>Wolfgang G\u00fcnter, Kniebis<br>Naturfreundehaus Kniebis, Kniebis<br>Hotel Schwarzwald, Kniebis<\/p>\n\n\n\n<p><em>Weitere Partner wie unsere umliegenden Partnervereine, Verb\u00e4nde sowie die AG Skiroller folgen asap.<\/em><\/p>\n","protected":false},"excerpt":{"rendered":"<p>Nur dank unserer starken Partner und Sponsoren k\u00f6nnen wir unsere zeit- und kostenintensiven Winterangebote \u00fcberhaupt anbieten. Bei vielen von ihnen gibt es die M\u00f6glichkeit selbst Teil zu werden &#8211; seht selbst.<\/p>\n","protected":false},"author":1,"featured_media":0,"parent":83,"menu_order":1,"comment_status":"closed","ping_status":"closed","template":"","meta":{"footnotes":""},"categories":[],"tags":[],"class_list":["post-573","page","type-page","status-publish","hentry"],"_links":{"self":[{"href":"https:\/\/schaller-werbeagentur.de\/svkniebis\/wp-json\/wp\/v2\/pages\/573","targetHints":{"allow":["GET"]}}],"collection":[{"href":"https:\/\/schaller-werbeagentur.de\/svkniebis\/wp-json\/wp\/v2\/pages"}],"about":[{"href":"https:\/\/schaller-werbeagentur.de\/svkniebis\/wp-json\/wp\/v2\/types\/page"}],"author":[{"embeddable":true,"href":"https:\/\/schaller-werbeagentur.de\/svkniebis\/wp-json\/wp\/v2\/users\/1"}],"replies":[{"embeddable":true,"href":"https:\/\/schaller-werbeagentur.de\/svkniebis\/wp-json\/wp\/v2\/comments?post=573"}],"version-history":[{"count":4,"href":"https:\/\/schaller-werbeagentur.de\/svkniebis\/wp-json\/wp\/v2\/pages\/573\/revisions"}],"predecessor-version":[{"id":618,"href":"https:\/\/schaller-werbeagentur.de\/svkniebis\/wp-json\/wp\/v2\/pages\/573\/revisions\/618"}],"up":[{"embeddable":true,"href":"https:\/\/schaller-werbeagentur.de\/svkniebis\/wp-json\/wp\/v2\/pages\/83"}],"wp:attachment":[{"href":"https:\/\/schaller-werbeagentur.de\/svkniebis\/wp-json\/wp\/v2\/media?parent=573"}],"wp:term":[{"taxonomy":"category","embeddable":true,"href":"https:\/\/schaller-werbeagentur.de\/svkniebis\/wp-json\/wp\/v2\/categories?post=573"},{"taxonomy":"post_tag","embeddable":true,"href":"https:\/\/schaller-werbeagentur.de\/svkniebis\/wp-json\/wp\/v2\/tags?post=573"}],"curies":[{"name":"wp","href":"https:\/\/api.w.org\/{rel}","templated":true}]}}