{"id":614,"date":"2021-02-10T11:30:30","date_gmt":"2021-02-10T10:30:30","guid":{"rendered":"https:\/\/schaller-werbeagentur.de\/svkniebis\/?page_id=614"},"modified":"2022-02-04T09:23:14","modified_gmt":"2022-02-04T08:23:14","slug":"corona-hinweis","status":"publish","type":"page","link":"https:\/\/schaller-werbeagentur.de\/svkniebis\/verein\/corona-hinweis\/","title":{"rendered":"Corona-Hinweis"},"content":{"rendered":"\n<h4 class=\"wp-block-heading\">Bitte unbedingt beachten<\/h4>\n\n\n\n<p>Liebe Skilangl\u00e4ufer*innen,<\/p>\n\n\n\n<p>Die Nutzung der Loipen ist als Individual- und Aussen-Sportart ideal, um auch w\u00e4hrend Corona kontaktarm Sport betreiben zu k\u00f6nnen. Wie die genauen Corona-Verordnungen aktuell aussehen, <a rel=\"noreferrer noopener\" href=\"https:\/\/www.baden-wuerttemberg.de\/de\/service\/aktuelle-infos-zu-corona\/aktuelle-corona-verordnung-des-landes-baden-wuerttemberg\/\" target=\"_blank\">k\u00f6nnt Ihr Euch hier anschauen.<\/a><\/p>\n\n\n\n<p>Egal wie sie aussehen: Wir bitten alle Vereine, Skischulen und auch sonstige Nutzer, sich an die jeweils geltenden Regeln zu halten.  <\/p>\n\n\n\n<p>So wie auch wir das tun: Deswegen ist die Skih\u00fctte des SV\/SZ Kniebis aktuell nur zur Essensmitnahme als Fensterverkauf ge\u00f6ffnet.<\/p>\n\n\n\n<p>Vielen Dank f\u00fcr Euer Verst\u00e4ndnis und Eure Unterst\u00fctzung!<\/p>\n","protected":false},"excerpt":{"rendered":"<p>Die Nutzung der Loipen ist laut der aktuellen Corona-Verordnung f\u00fcr den f\u00fcr den Freizeit- und Amateurindividualsport alleine oder mit Angeh\u00f6rigen des eigenen Haushalts oder mit 1 weiteren nicht im selben Haushalt lebenden Person erlaubt. <\/p>\n","protected":false},"author":1,"featured_media":0,"parent":83,"menu_order":10,"comment_status":"closed","ping_status":"closed","template":"","meta":{"footnotes":""},"categories":[],"tags":[],"class_list":["post-614","page","type-page","status-publish","hentry"],"_links":{"self":[{"href":"https:\/\/schaller-werbeagentur.de\/svkniebis\/wp-json\/wp\/v2\/pages\/614","targetHints":{"allow":["GET"]}}],"collection":[{"href":"https:\/\/schaller-werbeagentur.de\/svkniebis\/wp-json\/wp\/v2\/pages"}],"about":[{"href":"https:\/\/schaller-werbeagentur.de\/svkniebis\/wp-json\/wp\/v2\/types\/page"}],"author":[{"embeddable":true,"href":"https:\/\/schaller-werbeagentur.de\/svkniebis\/wp-json\/wp\/v2\/users\/1"}],"replies":[{"embeddable":true,"href":"https:\/\/schaller-werbeagentur.de\/svkniebis\/wp-json\/wp\/v2\/comments?post=614"}],"version-history":[{"count":4,"href":"https:\/\/schaller-werbeagentur.de\/svkniebis\/wp-json\/wp\/v2\/pages\/614\/revisions"}],"predecessor-version":[{"id":2056,"href":"https:\/\/schaller-werbeagentur.de\/svkniebis\/wp-json\/wp\/v2\/pages\/614\/revisions\/2056"}],"up":[{"embeddable":true,"href":"https:\/\/schaller-werbeagentur.de\/svkniebis\/wp-json\/wp\/v2\/pages\/83"}],"wp:attachment":[{"href":"https:\/\/schaller-werbeagentur.de\/svkniebis\/wp-json\/wp\/v2\/media?parent=614"}],"wp:term":[{"taxonomy":"category","embeddable":true,"href":"https:\/\/schaller-werbeagentur.de\/svkniebis\/wp-json\/wp\/v2\/categories?post=614"},{"taxonomy":"post_tag","embeddable":true,"href":"https:\/\/schaller-werbeagentur.de\/svkniebis\/wp-json\/wp\/v2\/tags?post=614"}],"curies":[{"name":"wp","href":"https:\/\/api.w.org\/{rel}","templated":true}]}}