{"id":87,"date":"2020-01-31T16:49:36","date_gmt":"2020-01-31T15:49:36","guid":{"rendered":"http:\/\/schaller-werbeagentur.de\/svkniebis\/verein\/skihuette\/"},"modified":"2024-01-24T08:51:04","modified_gmt":"2024-01-24T07:51:04","slug":"skihuette","status":"publish","type":"page","link":"https:\/\/schaller-werbeagentur.de\/svkniebis\/verein\/skihuette\/","title":{"rendered":"Skih\u00fctte"},"content":{"rendered":"\n<p>Unsere Skih\u00fctte ist w\u00e4hrend des Winters <strong>am Wochenende<\/strong> bei gespurter Loipe von 12.00 bis 18.00 Uhr ge\u00f6ffnet.  Und oben drein: Wenn Euch der digitale <a href=\"https:\/\/schaller-werbeagentur.de\/svkniebis\/saisonkarte-bestellen\/\" data-type=\"page\" data-id=\"416\">Saisonkartenverkauf<\/a> zu kompliziert sein sollte, gibt es die altbew\u00e4hrte Papier-Karte nat\u00fcrlich auch noch direkt vor Ort. <\/p>\n\n\n\n<p>Skiverleih Frey direkt gegen\u00fcber der Skih\u00fctte hat immer von 09:00 bis 18:00 Uhr bei entsprechender Witterung ge\u00f6ffnet. \u00dcber aktuelle \u00c4nderungen dazu am besten direkt bei Sport Frey nachfragen &#8211; <a rel=\"noreferrer noopener\" href=\"https:\/\/sport-frey.de\/\" target=\"_blank\">mehr hier <\/a><\/p>\n\n\n\n<p>ACHTUNG: Die Nachtloipe ist im Winter bei Loipenbetrieb t\u00e4glich bis 21.00 Uhr beleuchtet, wir m\u00fcssen dieses Jahr wegen der auch f\u00fcr uns enorm gestiegenen Strompreise eine Stunde fr\u00fcher Schluss machen und empfehlen Euch f\u00fcr die Zeit nach 21:00 eine Stirnlampe z.B. bei einem unserer Partner zu besorgen\/nutzen bzw idealerweise bei einem unserer Gastbetriebe zu \u00fcbernachten und morgens wieder kommen \ud83d\ude42<\/p>\n\n\n\n<p>Und nach dem ganzen Text jetzt ein Blick auf den aktuellen Schneezustand:<\/p>\n\n\n\n<figure class=\"wp-block-image size-large is-style-default\"><img decoding=\"async\" src=\"https:\/\/webcam.itteleservice.de\/webcams\/nachtloipe-webcam\/skicam2.jpg\" alt=\"\"\/><figcaption>Blick auf die Skih\u00fctte und einen Teil des Stadions<\/figcaption><\/figure>\n\n\n\n<figure class=\"wp-block-image size-large is-style-default\"><img decoding=\"async\" src=\"https:\/\/webcam.itteleservice.de\/webcams\/nachtloipe-webcam\/skihuette.jpg\" alt=\"\"\/><figcaption>Blick auf den Parkplatz vor der Loipe<\/figcaption><\/figure>\n\n\n\n<p>Unsere Speisekarte und aktuelle Informationen ab dem ersten Schneefall hier. In unserer urigen H\u00fctte geben wir unser Bestes damit Ihr Euch nach einer ereignis- und erholungsreichen Runde \u00fcber unsere Loipen st\u00e4rken k\u00f6nnen: Promise.<\/p>\n\n\n\n<p>Und damit Ihr einen Eindruck gewinnen k\u00f6nnt, wie sch\u00f6n es bei uns sein kann &#8211; ohne viele Worte:<\/p>\n\n\n\n<figure class=\"wp-block-gallery columns-3 is-cropped wp-block-gallery-1 is-layout-flex wp-block-gallery-is-layout-flex\"><ul class=\"blocks-gallery-grid\"><li class=\"blocks-gallery-item\"><figure><a href=\"https:\/\/schaller-werbeagentur.de\/svkniebis\/wp-content\/uploads\/2020\/10\/89470877f2.jpg\"><img loading=\"lazy\" decoding=\"async\" width=\"450\" height=\"600\" src=\"https:\/\/schaller-werbeagentur.de\/svkniebis\/wp-content\/uploads\/2020\/10\/89470877f2.jpg\" alt=\"\" data-id=\"280\" data-full-url=\"https:\/\/schaller-werbeagentur.de\/svkniebis\/wp-content\/uploads\/2020\/10\/89470877f2.jpg\" data-link=\"https:\/\/schaller-werbeagentur.de\/svkniebis\/verein\/skihuette\/89470877f2\/\" class=\"wp-image-280\" srcset=\"https:\/\/schaller-werbeagentur.de\/svkniebis\/wp-content\/uploads\/2020\/10\/89470877f2.jpg 450w, https:\/\/schaller-werbeagentur.de\/svkniebis\/wp-content\/uploads\/2020\/10\/89470877f2-225x300.jpg 225w\" sizes=\"auto, (max-width: 450px) 100vw, 450px\" \/><\/a><\/figure><\/li><li class=\"blocks-gallery-item\"><figure><a href=\"https:\/\/schaller-werbeagentur.de\/svkniebis\/wp-content\/uploads\/2020\/10\/skihu\u0308tte_v.winfried_01.jpg\"><img loading=\"lazy\" decoding=\"async\" width=\"512\" height=\"288\" src=\"https:\/\/schaller-werbeagentur.de\/svkniebis\/wp-content\/uploads\/2020\/10\/skihu\u0308tte_v.winfried_01.jpg\" alt=\"\" data-id=\"279\" data-full-url=\"https:\/\/schaller-werbeagentur.de\/svkniebis\/wp-content\/uploads\/2020\/10\/skihu\u0308tte_v.winfried_01.jpg\" data-link=\"https:\/\/schaller-werbeagentur.de\/svkniebis\/verein\/skihuette\/skihu%cc%88tte_v-winfried_01\/\" class=\"wp-image-279\" srcset=\"https:\/\/schaller-werbeagentur.de\/svkniebis\/wp-content\/uploads\/2020\/10\/skihu\u0308tte_v.winfried_01.jpg 512w, https:\/\/schaller-werbeagentur.de\/svkniebis\/wp-content\/uploads\/2020\/10\/skihu\u0308tte_v.winfried_01-300x169.jpg 300w\" sizes=\"auto, (max-width: 512px) 100vw, 512px\" \/><\/a><\/figure><\/li><li class=\"blocks-gallery-item\"><figure><a href=\"https:\/\/schaller-werbeagentur.de\/svkniebis\/wp-content\/uploads\/2020\/10\/e8b1b5308a.jpg\"><img loading=\"lazy\" decoding=\"async\" width=\"800\" height=\"600\" src=\"https:\/\/schaller-werbeagentur.de\/svkniebis\/wp-content\/uploads\/2020\/10\/e8b1b5308a.jpg\" alt=\"\" data-id=\"278\" data-full-url=\"https:\/\/schaller-werbeagentur.de\/svkniebis\/wp-content\/uploads\/2020\/10\/e8b1b5308a.jpg\" data-link=\"https:\/\/schaller-werbeagentur.de\/svkniebis\/verein\/skihuette\/e8b1b5308a\/\" class=\"wp-image-278\" srcset=\"https:\/\/schaller-werbeagentur.de\/svkniebis\/wp-content\/uploads\/2020\/10\/e8b1b5308a.jpg 800w, https:\/\/schaller-werbeagentur.de\/svkniebis\/wp-content\/uploads\/2020\/10\/e8b1b5308a-300x225.jpg 300w, https:\/\/schaller-werbeagentur.de\/svkniebis\/wp-content\/uploads\/2020\/10\/e8b1b5308a-768x576.jpg 768w\" sizes=\"auto, (max-width: 800px) 100vw, 800px\" \/><\/a><\/figure><\/li><li class=\"blocks-gallery-item\"><figure><a href=\"https:\/\/schaller-werbeagentur.de\/svkniebis\/wp-content\/uploads\/2020\/10\/3skicamOpen_02.jpg\"><img loading=\"lazy\" decoding=\"async\" width=\"640\" height=\"480\" src=\"https:\/\/schaller-werbeagentur.de\/svkniebis\/wp-content\/uploads\/2020\/10\/3skicamOpen_02.jpg\" alt=\"\" data-id=\"277\" data-full-url=\"https:\/\/schaller-werbeagentur.de\/svkniebis\/wp-content\/uploads\/2020\/10\/3skicamOpen_02.jpg\" data-link=\"https:\/\/schaller-werbeagentur.de\/svkniebis\/verein\/skihuette\/3skicamopen_02\/\" class=\"wp-image-277\" srcset=\"https:\/\/schaller-werbeagentur.de\/svkniebis\/wp-content\/uploads\/2020\/10\/3skicamOpen_02.jpg 640w, https:\/\/schaller-werbeagentur.de\/svkniebis\/wp-content\/uploads\/2020\/10\/3skicamOpen_02-300x225.jpg 300w\" sizes=\"auto, (max-width: 640px) 100vw, 640px\" \/><\/a><\/figure><\/li><li class=\"blocks-gallery-item\"><figure><a href=\"https:\/\/schaller-werbeagentur.de\/svkniebis\/wp-content\/uploads\/2020\/10\/4f91ed84e8.jpg\"><img loading=\"lazy\" decoding=\"async\" width=\"800\" height=\"600\" src=\"https:\/\/schaller-werbeagentur.de\/svkniebis\/wp-content\/uploads\/2020\/10\/4f91ed84e8.jpg\" alt=\"\" data-id=\"276\" data-full-url=\"http:\/\/schaller-werbeagentur.de\/svkniebis\/wp-content\/uploads\/2020\/10\/4f91ed84e8.jpg\" data-link=\"http:\/\/schaller-werbeagentur.de\/svkniebis\/verein\/skihuette\/4f91ed84e8-2\/\" class=\"wp-image-276\" srcset=\"https:\/\/schaller-werbeagentur.de\/svkniebis\/wp-content\/uploads\/2020\/10\/4f91ed84e8.jpg 800w, https:\/\/schaller-werbeagentur.de\/svkniebis\/wp-content\/uploads\/2020\/10\/4f91ed84e8-300x225.jpg 300w, https:\/\/schaller-werbeagentur.de\/svkniebis\/wp-content\/uploads\/2020\/10\/4f91ed84e8-768x576.jpg 768w\" sizes=\"auto, (max-width: 800px) 100vw, 800px\" \/><\/a><\/figure><\/li><li class=\"blocks-gallery-item\"><figure><a href=\"http:\/\/schaller-werbeagentur.de\/svkniebis\/wp-content\/uploads\/2020\/10\/5skicamOpen_01.jpg\"><img loading=\"lazy\" decoding=\"async\" width=\"640\" height=\"480\" src=\"http:\/\/schaller-werbeagentur.de\/svkniebis\/wp-content\/uploads\/2020\/10\/5skicamOpen_01.jpg\" alt=\"\" data-id=\"275\" data-full-url=\"http:\/\/schaller-werbeagentur.de\/svkniebis\/wp-content\/uploads\/2020\/10\/5skicamOpen_01.jpg\" data-link=\"http:\/\/schaller-werbeagentur.de\/svkniebis\/verein\/skihuette\/5skicamopen_01\/\" class=\"wp-image-275\" srcset=\"https:\/\/schaller-werbeagentur.de\/svkniebis\/wp-content\/uploads\/2020\/10\/5skicamOpen_01.jpg 640w, https:\/\/schaller-werbeagentur.de\/svkniebis\/wp-content\/uploads\/2020\/10\/5skicamOpen_01-300x225.jpg 300w\" sizes=\"auto, (max-width: 640px) 100vw, 640px\" \/><\/a><\/figure><\/li><li class=\"blocks-gallery-item\"><figure><a href=\"http:\/\/schaller-werbeagentur.de\/svkniebis\/wp-content\/uploads\/2020\/10\/076cda1b13.jpg\"><img loading=\"lazy\" decoding=\"async\" width=\"800\" height=\"600\" src=\"http:\/\/schaller-werbeagentur.de\/svkniebis\/wp-content\/uploads\/2020\/10\/076cda1b13.jpg\" alt=\"\" data-id=\"274\" data-full-url=\"http:\/\/schaller-werbeagentur.de\/svkniebis\/wp-content\/uploads\/2020\/10\/076cda1b13.jpg\" data-link=\"http:\/\/schaller-werbeagentur.de\/svkniebis\/verein\/skihuette\/076cda1b13\/\" class=\"wp-image-274\" srcset=\"https:\/\/schaller-werbeagentur.de\/svkniebis\/wp-content\/uploads\/2020\/10\/076cda1b13.jpg 800w, https:\/\/schaller-werbeagentur.de\/svkniebis\/wp-content\/uploads\/2020\/10\/076cda1b13-300x225.jpg 300w, https:\/\/schaller-werbeagentur.de\/svkniebis\/wp-content\/uploads\/2020\/10\/076cda1b13-768x576.jpg 768w\" sizes=\"auto, (max-width: 800px) 100vw, 800px\" \/><\/a><\/figure><\/li><li class=\"blocks-gallery-item\"><figure><a href=\"http:\/\/schaller-werbeagentur.de\/svkniebis\/wp-content\/uploads\/2020\/10\/fee1019c67.jpg\"><img loading=\"lazy\" decoding=\"async\" width=\"800\" height=\"600\" src=\"http:\/\/schaller-werbeagentur.de\/svkniebis\/wp-content\/uploads\/2020\/10\/fee1019c67.jpg\" alt=\"\" data-id=\"269\" data-full-url=\"http:\/\/schaller-werbeagentur.de\/svkniebis\/wp-content\/uploads\/2020\/10\/fee1019c67.jpg\" data-link=\"http:\/\/schaller-werbeagentur.de\/svkniebis\/verein\/skihuette\/fee1019c67\/\" class=\"wp-image-269\" srcset=\"https:\/\/schaller-werbeagentur.de\/svkniebis\/wp-content\/uploads\/2020\/10\/fee1019c67.jpg 800w, https:\/\/schaller-werbeagentur.de\/svkniebis\/wp-content\/uploads\/2020\/10\/fee1019c67-300x225.jpg 300w, https:\/\/schaller-werbeagentur.de\/svkniebis\/wp-content\/uploads\/2020\/10\/fee1019c67-768x576.jpg 768w\" sizes=\"auto, (max-width: 800px) 100vw, 800px\" \/><\/a><\/figure><\/li><li class=\"blocks-gallery-item\"><figure><a href=\"http:\/\/schaller-werbeagentur.de\/svkniebis\/wp-content\/uploads\/2020\/10\/823df11069.jpg\"><img loading=\"lazy\" decoding=\"async\" width=\"800\" height=\"600\" src=\"http:\/\/schaller-werbeagentur.de\/svkniebis\/wp-content\/uploads\/2020\/10\/823df11069.jpg\" alt=\"\" data-id=\"270\" data-full-url=\"http:\/\/schaller-werbeagentur.de\/svkniebis\/wp-content\/uploads\/2020\/10\/823df11069.jpg\" data-link=\"http:\/\/schaller-werbeagentur.de\/svkniebis\/verein\/skihuette\/823df11069-2\/\" class=\"wp-image-270\" srcset=\"https:\/\/schaller-werbeagentur.de\/svkniebis\/wp-content\/uploads\/2020\/10\/823df11069.jpg 800w, https:\/\/schaller-werbeagentur.de\/svkniebis\/wp-content\/uploads\/2020\/10\/823df11069-300x225.jpg 300w, https:\/\/schaller-werbeagentur.de\/svkniebis\/wp-content\/uploads\/2020\/10\/823df11069-768x576.jpg 768w\" sizes=\"auto, (max-width: 800px) 100vw, 800px\" \/><\/a><\/figure><\/li><li class=\"blocks-gallery-item\"><figure><a href=\"http:\/\/schaller-werbeagentur.de\/svkniebis\/wp-content\/uploads\/2020\/10\/293c387d0a.jpg\"><img loading=\"lazy\" decoding=\"async\" width=\"800\" height=\"600\" src=\"http:\/\/schaller-werbeagentur.de\/svkniebis\/wp-content\/uploads\/2020\/10\/293c387d0a.jpg\" alt=\"\" data-id=\"271\" data-full-url=\"http:\/\/schaller-werbeagentur.de\/svkniebis\/wp-content\/uploads\/2020\/10\/293c387d0a.jpg\" data-link=\"http:\/\/schaller-werbeagentur.de\/svkniebis\/verein\/skihuette\/293c387d0a\/\" class=\"wp-image-271\" srcset=\"https:\/\/schaller-werbeagentur.de\/svkniebis\/wp-content\/uploads\/2020\/10\/293c387d0a.jpg 800w, https:\/\/schaller-werbeagentur.de\/svkniebis\/wp-content\/uploads\/2020\/10\/293c387d0a-300x225.jpg 300w, https:\/\/schaller-werbeagentur.de\/svkniebis\/wp-content\/uploads\/2020\/10\/293c387d0a-768x576.jpg 768w\" sizes=\"auto, (max-width: 800px) 100vw, 800px\" \/><\/a><\/figure><\/li><li class=\"blocks-gallery-item\"><figure><a href=\"http:\/\/schaller-werbeagentur.de\/svkniebis\/wp-content\/uploads\/2020\/10\/c929402d67.jpg\"><img loading=\"lazy\" decoding=\"async\" width=\"800\" height=\"571\" src=\"http:\/\/schaller-werbeagentur.de\/svkniebis\/wp-content\/uploads\/2020\/10\/c929402d67.jpg\" alt=\"\" data-id=\"272\" data-full-url=\"http:\/\/schaller-werbeagentur.de\/svkniebis\/wp-content\/uploads\/2020\/10\/c929402d67.jpg\" data-link=\"http:\/\/schaller-werbeagentur.de\/svkniebis\/verein\/skihuette\/c929402d67\/\" class=\"wp-image-272\" srcset=\"https:\/\/schaller-werbeagentur.de\/svkniebis\/wp-content\/uploads\/2020\/10\/c929402d67.jpg 800w, https:\/\/schaller-werbeagentur.de\/svkniebis\/wp-content\/uploads\/2020\/10\/c929402d67-300x214.jpg 300w, https:\/\/schaller-werbeagentur.de\/svkniebis\/wp-content\/uploads\/2020\/10\/c929402d67-768x548.jpg 768w\" sizes=\"auto, (max-width: 800px) 100vw, 800px\" \/><\/a><\/figure><\/li><li class=\"blocks-gallery-item\"><figure><a href=\"http:\/\/schaller-werbeagentur.de\/svkniebis\/wp-content\/uploads\/2020\/10\/3f08ee9a33.jpg\"><img loading=\"lazy\" decoding=\"async\" width=\"800\" height=\"571\" src=\"http:\/\/schaller-werbeagentur.de\/svkniebis\/wp-content\/uploads\/2020\/10\/3f08ee9a33.jpg\" alt=\"\" data-id=\"273\" data-full-url=\"http:\/\/schaller-werbeagentur.de\/svkniebis\/wp-content\/uploads\/2020\/10\/3f08ee9a33.jpg\" data-link=\"http:\/\/schaller-werbeagentur.de\/svkniebis\/verein\/skihuette\/3f08ee9a33\/\" class=\"wp-image-273\" srcset=\"https:\/\/schaller-werbeagentur.de\/svkniebis\/wp-content\/uploads\/2020\/10\/3f08ee9a33.jpg 800w, https:\/\/schaller-werbeagentur.de\/svkniebis\/wp-content\/uploads\/2020\/10\/3f08ee9a33-300x214.jpg 300w, https:\/\/schaller-werbeagentur.de\/svkniebis\/wp-content\/uploads\/2020\/10\/3f08ee9a33-768x548.jpg 768w\" sizes=\"auto, (max-width: 800px) 100vw, 800px\" \/><\/a><\/figure><\/li><\/ul><\/figure>\n","protected":false},"excerpt":{"rendered":"<p>Urige schwarzw\u00e4lder Gastfreundschaft in heimeliger Atmosph\u00e4re mit warmen &#038; kalten Getr\u00e4nken und warmer K\u00fcche. WIr freuen uns auf Sie.<\/p>\n","protected":false},"author":1,"featured_media":0,"parent":83,"menu_order":8,"comment_status":"closed","ping_status":"closed","template":"","meta":{"footnotes":""},"categories":[],"tags":[],"class_list":["post-87","page","type-page","status-publish","hentry"],"_links":{"self":[{"href":"https:\/\/schaller-werbeagentur.de\/svkniebis\/wp-json\/wp\/v2\/pages\/87","targetHints":{"allow":["GET"]}}],"collection":[{"href":"https:\/\/schaller-werbeagentur.de\/svkniebis\/wp-json\/wp\/v2\/pages"}],"about":[{"href":"https:\/\/schaller-werbeagentur.de\/svkniebis\/wp-json\/wp\/v2\/types\/page"}],"author":[{"embeddable":true,"href":"https:\/\/schaller-werbeagentur.de\/svkniebis\/wp-json\/wp\/v2\/users\/1"}],"replies":[{"embeddable":true,"href":"https:\/\/schaller-werbeagentur.de\/svkniebis\/wp-json\/wp\/v2\/comments?post=87"}],"version-history":[{"count":18,"href":"https:\/\/schaller-werbeagentur.de\/svkniebis\/wp-json\/wp\/v2\/pages\/87\/revisions"}],"predecessor-version":[{"id":3503,"href":"https:\/\/schaller-werbeagentur.de\/svkniebis\/wp-json\/wp\/v2\/pages\/87\/revisions\/3503"}],"up":[{"embeddable":true,"href":"https:\/\/schaller-werbeagentur.de\/svkniebis\/wp-json\/wp\/v2\/pages\/83"}],"wp:attachment":[{"href":"https:\/\/schaller-werbeagentur.de\/svkniebis\/wp-json\/wp\/v2\/media?parent=87"}],"wp:term":[{"taxonomy":"category","embeddable":true,"href":"https:\/\/schaller-werbeagentur.de\/svkniebis\/wp-json\/wp\/v2\/categories?post=87"},{"taxonomy":"post_tag","embeddable":true,"href":"https:\/\/schaller-werbeagentur.de\/svkniebis\/wp-json\/wp\/v2\/tags?post=87"}],"curies":[{"name":"wp","href":"https:\/\/api.w.org\/{rel}","templated":true}]}}